{"id":51,"date":"2022-02-24T21:07:48","date_gmt":"2022-02-24T21:07:48","guid":{"rendered":"https:\/\/casadebanqueteslopez.com\/?page_id=51"},"modified":"2025-05-21T01:44:46","modified_gmt":"2025-05-21T01:44:46","slug":"mobiliario","status":"publish","type":"page","link":"https:\/\/casadebanqueteslopez.com\/en\/mobiliario\/","title":{"rendered":"Event Furniture"},"content":{"rendered":"<div data-elementor-type=\"wp-page\" data-elementor-id=\"51\" class=\"elementor elementor-51\" data-elementor-post-type=\"page\">\n\t\t\t\t\t\t<section class=\"elementor-section elementor-top-section elementor-element elementor-element-4e2c38b3 elementor-section-height-min-height elementor-section-content-middle elementor-section-boxed elementor-section-height-default elementor-section-items-middle\" data-id=\"4e2c38b3\" data-element_type=\"section\" data-settings=\"{&quot;background_background&quot;:&quot;classic&quot;}\">\n\t\t\t\t\t\t\t<div class=\"elementor-background-overlay\"><\/div>\n\t\t\t\t\t\t\t<div class=\"elementor-container elementor-column-gap-default\">\n\t\t\t\t\t<div class=\"elementor-column elementor-col-100 elementor-top-column elementor-element elementor-element-4f08ca6c\" data-id=\"4f08ca6c\" data-element_type=\"column\">\n\t\t\t<div class=\"elementor-widget-wrap elementor-element-populated\">\n\t\t\t\t\t\t<div class=\"elementor-element elementor-element-3af55915 elementor-widget elementor-widget-heading\" data-id=\"3af55915\" data-element_type=\"widget\" data-widget_type=\"heading.default\">\n\t\t\t\t<div class=\"elementor-widget-container\">\n\t\t\t\t\t<h1 class=\"elementor-heading-title elementor-size-default\">Event Furniture Rentals<\/h1>\t\t\t\t<\/div>\n\t\t\t\t<\/div>\n\t\t\t\t<div class=\"elementor-element elementor-element-187ddf9e elementor-widget elementor-widget-button\" data-id=\"187ddf9e\" data-element_type=\"widget\" data-widget_type=\"button.default\">\n\t\t\t\t<div class=\"elementor-widget-container\">\n\t\t\t\t\t\t\t\t\t<div class=\"elementor-button-wrapper\">\n\t\t\t\t\t<a class=\"elementor-button elementor-button-link elementor-size-sm elementor-animation-grow\" href=\"https:\/\/walink.co\/55b297\" target=\"_blank\">\n\t\t\t\t\t\t<span class=\"elementor-button-content-wrapper\">\n\t\t\t\t\t\t\t\t\t<span class=\"elementor-button-text\">Request a Quote<\/span>\n\t\t\t\t\t<\/span>\n\t\t\t\t\t<\/a>\n\t\t\t\t<\/div>\n\t\t\t\t\t\t\t\t<\/div>\n\t\t\t\t<\/div>\n\t\t\t\t\t<\/div>\n\t\t<\/div>\n\t\t\t\t\t<\/div>\n\t\t<\/section>\n\t\t\t\t<section class=\"elementor-section elementor-top-section elementor-element elementor-element-4322c82f elementor-section-content-middle elementor-section-boxed elementor-section-height-default elementor-section-height-default\" data-id=\"4322c82f\" data-element_type=\"section\">\n\t\t\t\t\t\t<div class=\"elementor-container elementor-column-gap-no\">\n\t\t\t\t\t<div class=\"elementor-column elementor-col-100 elementor-top-column elementor-element elementor-element-55cef9eb\" data-id=\"55cef9eb\" data-element_type=\"column\">\n\t\t\t<div class=\"elementor-widget-wrap elementor-element-populated\">\n\t\t\t\t\t\t<div class=\"elementor-element elementor-element-62133017 elementor-widget elementor-widget-heading\" data-id=\"62133017\" data-element_type=\"widget\" data-widget_type=\"heading.default\">\n\t\t\t\t<div class=\"elementor-widget-container\">\n\t\t\t\t\t<h2 class=\"elementor-heading-title elementor-size-default\">Event Furniture<\/h2>\t\t\t\t<\/div>\n\t\t\t\t<\/div>\n\t\t\t\t<div class=\"elementor-element elementor-element-750a8fd elementor-widget elementor-widget-text-editor\" data-id=\"750a8fd\" data-element_type=\"widget\" data-widget_type=\"text-editor.default\">\n\t\t\t\t<div class=\"elementor-widget-container\">\n\t\t\t\t\t\t\t\t\t<p>Our event furniture keeps your guests comfortable while meeting every need that might come up during your celebration. We help you choose the right furniture based on your event goals and setup requirements, ensuring all elements work together to create a <strong>harmonious and beautiful space <\/strong>without planning complications.<\/p>\t\t\t\t\t\t\t\t<\/div>\n\t\t\t\t<\/div>\n\t\t\t\t<section class=\"elementor-section elementor-inner-section elementor-element elementor-element-f54757c elementor-section-content-middle elementor-section-boxed elementor-section-height-default elementor-section-height-default\" data-id=\"f54757c\" data-element_type=\"section\">\n\t\t\t\t\t\t<div class=\"elementor-container elementor-column-gap-no\">\n\t\t\t\t\t<div class=\"elementor-column elementor-col-50 elementor-inner-column elementor-element elementor-element-6105c516\" data-id=\"6105c516\" data-element_type=\"column\">\n\t\t\t<div class=\"elementor-widget-wrap elementor-element-populated\">\n\t\t\t\t\t\t<div class=\"elementor-element elementor-element-0fc7272 elementor-widget elementor-widget-image\" data-id=\"0fc7272\" data-element_type=\"widget\" data-widget_type=\"image.default\">\n\t\t\t\t<div class=\"elementor-widget-container\">\n\t\t\t\t\t\t\t\t\t\t\t\t\t\t\t<img fetchpriority=\"high\" decoding=\"async\" width=\"500\" height=\"390\" src=\"https:\/\/casadebanqueteslopez.com\/wp-content\/uploads\/2022\/03\/I33.png\" class=\"elementor-animation-float attachment-large size-large wp-image-694\" alt=\"Mobiliario para Fiestas\" srcset=\"https:\/\/casadebanqueteslopez.com\/wp-content\/uploads\/2022\/03\/I33.png 500w, https:\/\/casadebanqueteslopez.com\/wp-content\/uploads\/2022\/03\/I33-300x234.png 300w\" sizes=\"(max-width: 500px) 100vw, 500px\" \/>\t\t\t\t\t\t\t\t\t\t\t\t\t\t\t<\/div>\n\t\t\t\t<\/div>\n\t\t\t\t\t<\/div>\n\t\t<\/div>\n\t\t\t\t<div class=\"elementor-column elementor-col-50 elementor-inner-column elementor-element elementor-element-4f2dc687\" data-id=\"4f2dc687\" data-element_type=\"column\">\n\t\t\t<div class=\"elementor-widget-wrap elementor-element-populated\">\n\t\t\t\t\t\t<div class=\"elementor-element elementor-element-cfb5228 elementor-widget elementor-widget-image\" data-id=\"cfb5228\" data-element_type=\"widget\" data-widget_type=\"image.default\">\n\t\t\t\t<div class=\"elementor-widget-container\">\n\t\t\t\t\t\t\t\t\t\t\t\t\t\t\t<img decoding=\"async\" width=\"500\" height=\"400\" src=\"https:\/\/casadebanqueteslopez.com\/wp-content\/uploads\/2022\/03\/a94.png\" class=\"elementor-animation-float attachment-large size-large wp-image-2021\" alt=\"Alquiler de mobiliario para fiestas en Bogot\u00e1\" srcset=\"https:\/\/casadebanqueteslopez.com\/wp-content\/uploads\/2022\/03\/a94.png 500w, https:\/\/casadebanqueteslopez.com\/wp-content\/uploads\/2022\/03\/a94-300x240.png 300w\" sizes=\"(max-width: 500px) 100vw, 500px\" \/>\t\t\t\t\t\t\t\t\t\t\t\t\t\t\t<\/div>\n\t\t\t\t<\/div>\n\t\t\t\t\t<\/div>\n\t\t<\/div>\n\t\t\t\t\t<\/div>\n\t\t<\/section>\n\t\t\t\t<section class=\"elementor-section elementor-inner-section elementor-element elementor-element-cbd3517 elementor-section-content-middle elementor-section-boxed elementor-section-height-default elementor-section-height-default\" data-id=\"cbd3517\" data-element_type=\"section\">\n\t\t\t\t\t\t<div class=\"elementor-container elementor-column-gap-no\">\n\t\t\t\t\t<div class=\"elementor-column elementor-col-50 elementor-inner-column elementor-element elementor-element-bf2fa3a\" data-id=\"bf2fa3a\" data-element_type=\"column\">\n\t\t\t<div class=\"elementor-widget-wrap elementor-element-populated\">\n\t\t\t\t\t\t<div class=\"elementor-element elementor-element-7d9ca61 elementor-widget elementor-widget-image\" data-id=\"7d9ca61\" data-element_type=\"widget\" data-widget_type=\"image.default\">\n\t\t\t\t<div class=\"elementor-widget-container\">\n\t\t\t\t\t\t\t\t\t\t\t\t\t\t\t<img decoding=\"async\" width=\"500\" height=\"400\" src=\"https:\/\/casadebanqueteslopez.com\/wp-content\/uploads\/2022\/03\/a93.png\" class=\"elementor-animation-float attachment-large size-large wp-image-2018\" alt=\"Alquiler de mobiliario para fiestas en Bogot\u00e1\" srcset=\"https:\/\/casadebanqueteslopez.com\/wp-content\/uploads\/2022\/03\/a93.png 500w, https:\/\/casadebanqueteslopez.com\/wp-content\/uploads\/2022\/03\/a93-300x240.png 300w\" sizes=\"(max-width: 500px) 100vw, 500px\" \/>\t\t\t\t\t\t\t\t\t\t\t\t\t\t\t<\/div>\n\t\t\t\t<\/div>\n\t\t\t\t\t<\/div>\n\t\t<\/div>\n\t\t\t\t<div class=\"elementor-column elementor-col-50 elementor-inner-column elementor-element elementor-element-05fa298\" data-id=\"05fa298\" data-element_type=\"column\">\n\t\t\t<div class=\"elementor-widget-wrap elementor-element-populated\">\n\t\t\t\t\t\t<div class=\"elementor-element elementor-element-0dcdfee elementor-widget elementor-widget-image\" data-id=\"0dcdfee\" data-element_type=\"widget\" data-widget_type=\"image.default\">\n\t\t\t\t<div class=\"elementor-widget-container\">\n\t\t\t\t\t\t\t\t\t\t\t\t\t\t\t<img loading=\"lazy\" decoding=\"async\" width=\"500\" height=\"400\" src=\"https:\/\/casadebanqueteslopez.com\/wp-content\/uploads\/2022\/03\/a91.png\" class=\"elementor-animation-float attachment-large size-large wp-image-2020\" alt=\"Alquiler de mobiliario para fiestas en Bogot\u00e1\" srcset=\"https:\/\/casadebanqueteslopez.com\/wp-content\/uploads\/2022\/03\/a91.png 500w, https:\/\/casadebanqueteslopez.com\/wp-content\/uploads\/2022\/03\/a91-300x240.png 300w\" sizes=\"(max-width: 500px) 100vw, 500px\" \/>\t\t\t\t\t\t\t\t\t\t\t\t\t\t\t<\/div>\n\t\t\t\t<\/div>\n\t\t\t\t\t<\/div>\n\t\t<\/div>\n\t\t\t\t\t<\/div>\n\t\t<\/section>\n\t\t\t\t<section class=\"elementor-section elementor-inner-section elementor-element elementor-element-df7c844 elementor-section-content-middle elementor-section-boxed elementor-section-height-default elementor-section-height-default\" data-id=\"df7c844\" data-element_type=\"section\">\n\t\t\t\t\t\t<div class=\"elementor-container elementor-column-gap-no\">\n\t\t\t\t\t<div class=\"elementor-column elementor-col-50 elementor-inner-column elementor-element elementor-element-6bc0be3\" data-id=\"6bc0be3\" data-element_type=\"column\">\n\t\t\t<div class=\"elementor-widget-wrap elementor-element-populated\">\n\t\t\t\t\t\t<div class=\"elementor-element elementor-element-adb3ea3 elementor-widget elementor-widget-image\" data-id=\"adb3ea3\" data-element_type=\"widget\" data-widget_type=\"image.default\">\n\t\t\t\t<div class=\"elementor-widget-container\">\n\t\t\t\t\t\t\t\t\t\t\t\t\t\t\t<img loading=\"lazy\" decoding=\"async\" width=\"500\" height=\"400\" src=\"https:\/\/casadebanqueteslopez.com\/wp-content\/uploads\/2022\/03\/a96.png\" class=\"elementor-animation-float attachment-large size-large wp-image-2019\" alt=\"Alquiler de mobiliario para fiestas en Bogot\u00e1\" srcset=\"https:\/\/casadebanqueteslopez.com\/wp-content\/uploads\/2022\/03\/a96.png 500w, https:\/\/casadebanqueteslopez.com\/wp-content\/uploads\/2022\/03\/a96-300x240.png 300w\" sizes=\"(max-width: 500px) 100vw, 500px\" \/>\t\t\t\t\t\t\t\t\t\t\t\t\t\t\t<\/div>\n\t\t\t\t<\/div>\n\t\t\t\t\t<\/div>\n\t\t<\/div>\n\t\t\t\t<div class=\"elementor-column elementor-col-50 elementor-inner-column elementor-element elementor-element-df8b9e3\" data-id=\"df8b9e3\" data-element_type=\"column\">\n\t\t\t<div class=\"elementor-widget-wrap elementor-element-populated\">\n\t\t\t\t\t\t<div class=\"elementor-element elementor-element-d68c174 elementor-widget elementor-widget-image\" data-id=\"d68c174\" data-element_type=\"widget\" data-widget_type=\"image.default\">\n\t\t\t\t<div class=\"elementor-widget-container\">\n\t\t\t\t\t\t\t\t\t\t\t\t\t\t\t<img loading=\"lazy\" decoding=\"async\" width=\"500\" height=\"400\" src=\"https:\/\/casadebanqueteslopez.com\/wp-content\/uploads\/2022\/03\/a92.png\" class=\"elementor-animation-float attachment-large size-large wp-image-2022\" alt=\"Alquiler de mobiliario para fiestas en Bogot\u00e1\" srcset=\"https:\/\/casadebanqueteslopez.com\/wp-content\/uploads\/2022\/03\/a92.png 500w, https:\/\/casadebanqueteslopez.com\/wp-content\/uploads\/2022\/03\/a92-300x240.png 300w\" sizes=\"(max-width: 500px) 100vw, 500px\" \/>\t\t\t\t\t\t\t\t\t\t\t\t\t\t\t<\/div>\n\t\t\t\t<\/div>\n\t\t\t\t\t<\/div>\n\t\t<\/div>\n\t\t\t\t\t<\/div>\n\t\t<\/section>\n\t\t\t\t<section class=\"elementor-section elementor-inner-section elementor-element elementor-element-83635c1 elementor-section-content-middle elementor-section-boxed elementor-section-height-default elementor-section-height-default\" data-id=\"83635c1\" data-element_type=\"section\">\n\t\t\t\t\t\t<div class=\"elementor-container elementor-column-gap-no\">\n\t\t\t\t\t<div class=\"elementor-column elementor-col-50 elementor-inner-column elementor-element elementor-element-6d46bb3\" data-id=\"6d46bb3\" data-element_type=\"column\">\n\t\t\t<div class=\"elementor-widget-wrap elementor-element-populated\">\n\t\t\t\t\t\t<div class=\"elementor-element elementor-element-1796fdf elementor-widget elementor-widget-image\" data-id=\"1796fdf\" data-element_type=\"widget\" data-widget_type=\"image.default\">\n\t\t\t\t<div class=\"elementor-widget-container\">\n\t\t\t\t\t\t\t\t\t\t\t\t\t\t\t<img loading=\"lazy\" decoding=\"async\" width=\"500\" height=\"400\" src=\"https:\/\/casadebanqueteslopez.com\/wp-content\/uploads\/2022\/03\/a97.png\" class=\"elementor-animation-float attachment-large size-large wp-image-2016\" alt=\"Alquiler de mobiliario para fiestas en Bogot\u00e1\" srcset=\"https:\/\/casadebanqueteslopez.com\/wp-content\/uploads\/2022\/03\/a97.png 500w, https:\/\/casadebanqueteslopez.com\/wp-content\/uploads\/2022\/03\/a97-300x240.png 300w\" sizes=\"(max-width: 500px) 100vw, 500px\" \/>\t\t\t\t\t\t\t\t\t\t\t\t\t\t\t<\/div>\n\t\t\t\t<\/div>\n\t\t\t\t\t<\/div>\n\t\t<\/div>\n\t\t\t\t<div class=\"elementor-column elementor-col-50 elementor-inner-column elementor-element elementor-element-047ba4f\" data-id=\"047ba4f\" data-element_type=\"column\">\n\t\t\t<div class=\"elementor-widget-wrap elementor-element-populated\">\n\t\t\t\t\t\t<div class=\"elementor-element elementor-element-57c9a88 elementor-widget elementor-widget-image\" data-id=\"57c9a88\" data-element_type=\"widget\" data-widget_type=\"image.default\">\n\t\t\t\t<div class=\"elementor-widget-container\">\n\t\t\t\t\t\t\t\t\t\t\t\t\t\t\t<img loading=\"lazy\" decoding=\"async\" width=\"500\" height=\"400\" src=\"https:\/\/casadebanqueteslopez.com\/wp-content\/uploads\/2022\/03\/a95.png\" class=\"elementor-animation-float attachment-large size-large wp-image-2017\" alt=\"Alquiler de mobiliario para fiestas en Bogot\u00e1\" srcset=\"https:\/\/casadebanqueteslopez.com\/wp-content\/uploads\/2022\/03\/a95.png 500w, https:\/\/casadebanqueteslopez.com\/wp-content\/uploads\/2022\/03\/a95-300x240.png 300w\" sizes=\"(max-width: 500px) 100vw, 500px\" \/>\t\t\t\t\t\t\t\t\t\t\t\t\t\t\t<\/div>\n\t\t\t\t<\/div>\n\t\t\t\t\t<\/div>\n\t\t<\/div>\n\t\t\t\t\t<\/div>\n\t\t<\/section>\n\t\t\t\t<section class=\"elementor-section elementor-inner-section elementor-element elementor-element-20b4d6ad elementor-section-content-middle elementor-section-boxed elementor-section-height-default elementor-section-height-default\" data-id=\"20b4d6ad\" data-element_type=\"section\">\n\t\t\t\t\t\t<div class=\"elementor-container elementor-column-gap-no\">\n\t\t\t\t\t<div class=\"elementor-column elementor-col-50 elementor-inner-column elementor-element elementor-element-1a15c0ae\" data-id=\"1a15c0ae\" data-element_type=\"column\">\n\t\t\t<div class=\"elementor-widget-wrap elementor-element-populated\">\n\t\t\t\t\t\t<div class=\"elementor-element elementor-element-60369fad elementor-position-top elementor-widget elementor-widget-image-box\" data-id=\"60369fad\" data-element_type=\"widget\" data-widget_type=\"image-box.default\">\n\t\t\t\t<div class=\"elementor-widget-container\">\n\t\t\t\t\t<div class=\"elementor-image-box-wrapper\"><figure class=\"elementor-image-box-img\"><img loading=\"lazy\" decoding=\"async\" width=\"500\" height=\"390\" src=\"https:\/\/casadebanqueteslopez.com\/wp-content\/uploads\/2022\/03\/I34.png\" class=\"elementor-animation-float attachment-full size-full wp-image-692\" alt=\"Mobiliario para Fiestas\" srcset=\"https:\/\/casadebanqueteslopez.com\/wp-content\/uploads\/2022\/03\/I34.png 500w, https:\/\/casadebanqueteslopez.com\/wp-content\/uploads\/2022\/03\/I34-300x234.png 300w\" sizes=\"(max-width: 500px) 100vw, 500px\" \/><\/figure><div class=\"elementor-image-box-content\"><h3 class=\"elementor-image-box-title\">Casa de Banquetes L\u00f3pez CBL<\/h3><\/div><\/div>\t\t\t\t<\/div>\n\t\t\t\t<\/div>\n\t\t\t\t\t<\/div>\n\t\t<\/div>\n\t\t\t\t<div class=\"elementor-column elementor-col-50 elementor-inner-column elementor-element elementor-element-2e5f8ed5\" data-id=\"2e5f8ed5\" data-element_type=\"column\">\n\t\t\t<div class=\"elementor-widget-wrap elementor-element-populated\">\n\t\t\t\t\t\t<div class=\"elementor-element elementor-element-6b535dd6 elementor-position-top elementor-widget elementor-widget-image-box\" data-id=\"6b535dd6\" data-element_type=\"widget\" data-widget_type=\"image-box.default\">\n\t\t\t\t<div class=\"elementor-widget-container\">\n\t\t\t\t\t<div class=\"elementor-image-box-wrapper\"><figure class=\"elementor-image-box-img\"><img loading=\"lazy\" decoding=\"async\" width=\"500\" height=\"390\" src=\"https:\/\/casadebanqueteslopez.com\/wp-content\/uploads\/2022\/03\/I35.png\" class=\"elementor-animation-float attachment-full size-full wp-image-691\" alt=\"Mobiliario para Fiestas\" srcset=\"https:\/\/casadebanqueteslopez.com\/wp-content\/uploads\/2022\/03\/I35.png 500w, https:\/\/casadebanqueteslopez.com\/wp-content\/uploads\/2022\/03\/I35-300x234.png 300w\" sizes=\"(max-width: 500px) 100vw, 500px\" \/><\/figure><div class=\"elementor-image-box-content\"><h3 class=\"elementor-image-box-title\">Casa de Banquetes L\u00f3pez CBL<\/h3><\/div><\/div>\t\t\t\t<\/div>\n\t\t\t\t<\/div>\n\t\t\t\t\t<\/div>\n\t\t<\/div>\n\t\t\t\t\t<\/div>\n\t\t<\/section>\n\t\t\t\t<div class=\"elementor-element elementor-element-e0fb3ad elementor-align-center elementor-widget elementor-widget-button\" data-id=\"e0fb3ad\" data-element_type=\"widget\" data-widget_type=\"button.default\">\n\t\t\t\t<div class=\"elementor-widget-container\">\n\t\t\t\t\t\t\t\t\t<div class=\"elementor-button-wrapper\">\n\t\t\t\t\t<a class=\"elementor-button elementor-button-link elementor-size-sm elementor-animation-grow\" href=\"https:\/\/walink.co\/55b297\" target=\"_blank\">\n\t\t\t\t\t\t<span class=\"elementor-button-content-wrapper\">\n\t\t\t\t\t\t\t\t\t<span class=\"elementor-button-text\">Request a Quote<\/span>\n\t\t\t\t\t<\/span>\n\t\t\t\t\t<\/a>\n\t\t\t\t<\/div>\n\t\t\t\t\t\t\t\t<\/div>\n\t\t\t\t<\/div>\n\t\t\t\t\t<\/div>\n\t\t<\/div>\n\t\t\t\t\t<\/div>\n\t\t<\/section>\n\t\t\t\t<\/div>","protected":false},"excerpt":{"rendered":"<p>Alquiler de Mobiliario para Eventos Cotiza tu Evento Mobiliario para Eventos Nuestro mobiliario de eventos permite que los asistentes de tu celebraci\u00f3n se sientan c\u00f3modos y cubra con todas las necesidades que puedan surgir durante el mismo. Te aconsejamos tomar una mejor decisi\u00f3n en cuanto al mobiliario teniendo en cuenta los objetivos y log\u00edstica del &hellip;<\/p>\n<p class=\"read-more\"> <a class=\"\" href=\"https:\/\/casadebanqueteslopez.com\/en\/mobiliario\/\"> <span class=\"screen-reader-text\">Event Furniture<\/span> Read More &raquo;<\/a><\/p>","protected":false},"author":1,"featured_media":0,"parent":0,"menu_order":0,"comment_status":"closed","ping_status":"closed","template":"","meta":{"site-sidebar-layout":"no-sidebar","site-content-layout":"page-builder","ast-main-header-display":"","ast-hfb-above-header-display":"","ast-hfb-below-header-display":"","ast-hfb-mobile-header-display":"","site-post-title":"disabled","ast-breadcrumbs-content":"","ast-featured-img":"disabled","footer-sml-layout":"","theme-transparent-header-meta":"","adv-header-id-meta":"","stick-header-meta":"","header-above-stick-meta":"","header-main-stick-meta":"","header-below-stick-meta":"","_joinchat":[],"footnotes":""},"class_list":["post-51","page","type-page","status-publish","hentry"],"yoast_head":"<!-- This site is optimized with the Yoast SEO plugin v25.4 - https:\/\/yoast.com\/wordpress\/plugins\/seo\/ -->\n<title>Mobiliario - Casa de banquetes<\/title>\n<meta name=\"robots\" content=\"index, follow, max-snippet:-1, max-image-preview:large, max-video-preview:-1\" \/>\n<link rel=\"canonical\" href=\"https:\/\/casadebanqueteslopez.com\/en\/mobiliario\/\" \/>\n<meta property=\"og:locale\" content=\"en_US\" \/>\n<meta property=\"og:type\" content=\"article\" \/>\n<meta property=\"og:title\" content=\"Mobiliario - Casa de banquetes\" \/>\n<meta property=\"og:description\" content=\"Alquiler de Mobiliario para Eventos Cotiza tu Evento Mobiliario para Eventos Nuestro mobiliario de eventos permite que los asistentes de tu celebraci\u00f3n se sientan c\u00f3modos y cubra con todas las necesidades que puedan surgir durante el mismo. Te aconsejamos tomar una mejor decisi\u00f3n en cuanto al mobiliario teniendo en cuenta los objetivos y log\u00edstica del &hellip; Mobiliario Read More &raquo;\" \/>\n<meta property=\"og:url\" content=\"https:\/\/casadebanqueteslopez.com\/en\/mobiliario\/\" \/>\n<meta property=\"og:site_name\" content=\"Casa de banquetes\" \/>\n<meta property=\"article:modified_time\" content=\"2025-05-21T01:44:46+00:00\" \/>\n<meta property=\"og:image\" content=\"https:\/\/casadebanqueteslopez.com\/wp-content\/uploads\/2022\/03\/I33.png\" \/>\n\t<meta property=\"og:image:width\" content=\"500\" \/>\n\t<meta property=\"og:image:height\" content=\"390\" \/>\n\t<meta property=\"og:image:type\" content=\"image\/png\" \/>\n<meta name=\"twitter:card\" content=\"summary_large_image\" \/>\n<meta name=\"twitter:label1\" content=\"Est. reading time\" \/>\n\t<meta name=\"twitter:data1\" content=\"3 minutes\" \/>\n<script type=\"application\/ld+json\" class=\"yoast-schema-graph\">{\"@context\":\"https:\/\/schema.org\",\"@graph\":[{\"@type\":\"WebPage\",\"@id\":\"https:\/\/casadebanqueteslopez.com\/mobiliario\/\",\"url\":\"https:\/\/casadebanqueteslopez.com\/mobiliario\/\",\"name\":\"Mobiliario - Casa de banquetes\",\"isPartOf\":{\"@id\":\"https:\/\/casadebanqueteslopez.com\/#website\"},\"primaryImageOfPage\":{\"@id\":\"https:\/\/casadebanqueteslopez.com\/mobiliario\/#primaryimage\"},\"image\":{\"@id\":\"https:\/\/casadebanqueteslopez.com\/mobiliario\/#primaryimage\"},\"thumbnailUrl\":\"https:\/\/casadebanqueteslopez.com\/wp-content\/uploads\/2022\/03\/I33.png\",\"datePublished\":\"2022-02-24T21:07:48+00:00\",\"dateModified\":\"2025-05-21T01:44:46+00:00\",\"breadcrumb\":{\"@id\":\"https:\/\/casadebanqueteslopez.com\/mobiliario\/#breadcrumb\"},\"inLanguage\":\"en-US\",\"potentialAction\":[{\"@type\":\"ReadAction\",\"target\":[\"https:\/\/casadebanqueteslopez.com\/mobiliario\/\"]}]},{\"@type\":\"ImageObject\",\"inLanguage\":\"en-US\",\"@id\":\"https:\/\/casadebanqueteslopez.com\/mobiliario\/#primaryimage\",\"url\":\"https:\/\/casadebanqueteslopez.com\/wp-content\/uploads\/2022\/03\/I33.png\",\"contentUrl\":\"https:\/\/casadebanqueteslopez.com\/wp-content\/uploads\/2022\/03\/I33.png\"},{\"@type\":\"BreadcrumbList\",\"@id\":\"https:\/\/casadebanqueteslopez.com\/mobiliario\/#breadcrumb\",\"itemListElement\":[{\"@type\":\"ListItem\",\"position\":1,\"name\":\"Portada\",\"item\":\"https:\/\/casadebanqueteslopez.com\/\"},{\"@type\":\"ListItem\",\"position\":2,\"name\":\"Mobiliario\"}]},{\"@type\":\"WebSite\",\"@id\":\"https:\/\/casadebanqueteslopez.com\/#website\",\"url\":\"https:\/\/casadebanqueteslopez.com\/\",\"name\":\"Casa de banquetes\",\"description\":\"Casa de banquetes en bogot\u00e1\",\"potentialAction\":[{\"@type\":\"SearchAction\",\"target\":{\"@type\":\"EntryPoint\",\"urlTemplate\":\"https:\/\/casadebanqueteslopez.com\/?s={search_term_string}\"},\"query-input\":{\"@type\":\"PropertyValueSpecification\",\"valueRequired\":true,\"valueName\":\"search_term_string\"}}],\"inLanguage\":\"en-US\"}]}<\/script>\n<!-- \/ Yoast SEO plugin. -->","yoast_head_json":{"title":"Mobiliario - Casa de banquetes","robots":{"index":"index","follow":"follow","max-snippet":"max-snippet:-1","max-image-preview":"max-image-preview:large","max-video-preview":"max-video-preview:-1"},"canonical":"https:\/\/casadebanqueteslopez.com\/en\/mobiliario\/","og_locale":"en_US","og_type":"article","og_title":"Mobiliario - Casa de banquetes","og_description":"Alquiler de Mobiliario para Eventos Cotiza tu Evento Mobiliario para Eventos Nuestro mobiliario de eventos permite que los asistentes de tu celebraci\u00f3n se sientan c\u00f3modos y cubra con todas las necesidades que puedan surgir durante el mismo. Te aconsejamos tomar una mejor decisi\u00f3n en cuanto al mobiliario teniendo en cuenta los objetivos y log\u00edstica del &hellip; Mobiliario Read More &raquo;","og_url":"https:\/\/casadebanqueteslopez.com\/en\/mobiliario\/","og_site_name":"Casa de banquetes","article_modified_time":"2025-05-21T01:44:46+00:00","og_image":[{"width":500,"height":390,"url":"https:\/\/casadebanqueteslopez.com\/wp-content\/uploads\/2022\/03\/I33.png","type":"image\/png"}],"twitter_card":"summary_large_image","twitter_misc":{"Est. reading time":"3 minutes"},"schema":{"@context":"https:\/\/schema.org","@graph":[{"@type":"WebPage","@id":"https:\/\/casadebanqueteslopez.com\/mobiliario\/","url":"https:\/\/casadebanqueteslopez.com\/mobiliario\/","name":"Mobiliario - Casa de banquetes","isPartOf":{"@id":"https:\/\/casadebanqueteslopez.com\/#website"},"primaryImageOfPage":{"@id":"https:\/\/casadebanqueteslopez.com\/mobiliario\/#primaryimage"},"image":{"@id":"https:\/\/casadebanqueteslopez.com\/mobiliario\/#primaryimage"},"thumbnailUrl":"https:\/\/casadebanqueteslopez.com\/wp-content\/uploads\/2022\/03\/I33.png","datePublished":"2022-02-24T21:07:48+00:00","dateModified":"2025-05-21T01:44:46+00:00","breadcrumb":{"@id":"https:\/\/casadebanqueteslopez.com\/mobiliario\/#breadcrumb"},"inLanguage":"en-US","potentialAction":[{"@type":"ReadAction","target":["https:\/\/casadebanqueteslopez.com\/mobiliario\/"]}]},{"@type":"ImageObject","inLanguage":"en-US","@id":"https:\/\/casadebanqueteslopez.com\/mobiliario\/#primaryimage","url":"https:\/\/casadebanqueteslopez.com\/wp-content\/uploads\/2022\/03\/I33.png","contentUrl":"https:\/\/casadebanqueteslopez.com\/wp-content\/uploads\/2022\/03\/I33.png"},{"@type":"BreadcrumbList","@id":"https:\/\/casadebanqueteslopez.com\/mobiliario\/#breadcrumb","itemListElement":[{"@type":"ListItem","position":1,"name":"Portada","item":"https:\/\/casadebanqueteslopez.com\/"},{"@type":"ListItem","position":2,"name":"Mobiliario"}]},{"@type":"WebSite","@id":"https:\/\/casadebanqueteslopez.com\/#website","url":"https:\/\/casadebanqueteslopez.com\/","name":"Casa de banquetes","description":"Casa de banquetes en bogot\u00e1","potentialAction":[{"@type":"SearchAction","target":{"@type":"EntryPoint","urlTemplate":"https:\/\/casadebanqueteslopez.com\/?s={search_term_string}"},"query-input":{"@type":"PropertyValueSpecification","valueRequired":true,"valueName":"search_term_string"}}],"inLanguage":"en-US"}]}},"_links":{"self":[{"href":"https:\/\/casadebanqueteslopez.com\/en\/wp-json\/wp\/v2\/pages\/51","targetHints":{"allow":["GET"]}}],"collection":[{"href":"https:\/\/casadebanqueteslopez.com\/en\/wp-json\/wp\/v2\/pages"}],"about":[{"href":"https:\/\/casadebanqueteslopez.com\/en\/wp-json\/wp\/v2\/types\/page"}],"author":[{"embeddable":true,"href":"https:\/\/casadebanqueteslopez.com\/en\/wp-json\/wp\/v2\/users\/1"}],"replies":[{"embeddable":true,"href":"https:\/\/casadebanqueteslopez.com\/en\/wp-json\/wp\/v2\/comments?post=51"}],"version-history":[{"count":106,"href":"https:\/\/casadebanqueteslopez.com\/en\/wp-json\/wp\/v2\/pages\/51\/revisions"}],"predecessor-version":[{"id":4430,"href":"https:\/\/casadebanqueteslopez.com\/en\/wp-json\/wp\/v2\/pages\/51\/revisions\/4430"}],"wp:attachment":[{"href":"https:\/\/casadebanqueteslopez.com\/en\/wp-json\/wp\/v2\/media?parent=51"}],"curies":[{"name":"wp","href":"https:\/\/api.w.org\/{rel}","templated":true}]}}