{"id":49,"date":"2022-02-24T21:07:31","date_gmt":"2022-02-24T21:07:31","guid":{"rendered":"https:\/\/casadebanqueteslopez.com\/?page_id=49"},"modified":"2022-03-23T16:48:14","modified_gmt":"2022-03-23T16:48:14","slug":"menaje","status":"publish","type":"page","link":"https:\/\/casadebanqueteslopez.com\/en\/menaje\/","title":{"rendered":"Tableware"},"content":{"rendered":"<div data-elementor-type=\"wp-page\" data-elementor-id=\"49\" class=\"elementor elementor-49\" data-elementor-post-type=\"page\">\n\t\t\t\t\t\t<section class=\"elementor-section elementor-top-section elementor-element elementor-element-23d5e1f8 elementor-section-height-min-height elementor-section-content-middle elementor-section-boxed elementor-section-height-default elementor-section-items-middle\" data-id=\"23d5e1f8\" data-element_type=\"section\" data-settings=\"{&quot;background_background&quot;:&quot;classic&quot;}\">\n\t\t\t\t\t\t\t<div class=\"elementor-background-overlay\"><\/div>\n\t\t\t\t\t\t\t<div class=\"elementor-container elementor-column-gap-default\">\n\t\t\t\t\t<div class=\"elementor-column elementor-col-100 elementor-top-column elementor-element elementor-element-127308a1\" data-id=\"127308a1\" data-element_type=\"column\">\n\t\t\t<div class=\"elementor-widget-wrap elementor-element-populated\">\n\t\t\t\t\t\t<div class=\"elementor-element elementor-element-632498b7 elementor-widget elementor-widget-heading\" data-id=\"632498b7\" data-element_type=\"widget\" data-widget_type=\"heading.default\">\n\t\t\t\t<div class=\"elementor-widget-container\">\n\t\t\t\t\t<h1 class=\"elementor-heading-title elementor-size-default\">Tableware Rental<\/h1>\t\t\t\t<\/div>\n\t\t\t\t<\/div>\n\t\t\t\t<div class=\"elementor-element elementor-element-c5dded3 elementor-align-right elementor-widget elementor-widget-button\" data-id=\"c5dded3\" data-element_type=\"widget\" data-widget_type=\"button.default\">\n\t\t\t\t<div class=\"elementor-widget-container\">\n\t\t\t\t\t\t\t\t\t<div class=\"elementor-button-wrapper\">\n\t\t\t\t\t<a class=\"elementor-button elementor-button-link elementor-size-sm elementor-animation-grow\" href=\"https:\/\/walink.co\/55b297\" target=\"_blank\">\n\t\t\t\t\t\t<span class=\"elementor-button-content-wrapper\">\n\t\t\t\t\t\t\t\t\t<span class=\"elementor-button-text\">Chat with Us<\/span>\n\t\t\t\t\t<\/span>\n\t\t\t\t\t<\/a>\n\t\t\t\t<\/div>\n\t\t\t\t\t\t\t\t<\/div>\n\t\t\t\t<\/div>\n\t\t\t\t\t<\/div>\n\t\t<\/div>\n\t\t\t\t\t<\/div>\n\t\t<\/section>\n\t\t\t\t<section class=\"elementor-section elementor-top-section elementor-element elementor-element-d969415 elementor-section-content-middle elementor-section-boxed elementor-section-height-default elementor-section-height-default\" data-id=\"d969415\" data-element_type=\"section\">\n\t\t\t\t\t\t<div class=\"elementor-container elementor-column-gap-no\">\n\t\t\t\t\t<div class=\"elementor-column elementor-col-100 elementor-top-column elementor-element elementor-element-6d4c074d\" data-id=\"6d4c074d\" data-element_type=\"column\">\n\t\t\t<div class=\"elementor-widget-wrap elementor-element-populated\">\n\t\t\t\t\t\t<div class=\"elementor-element elementor-element-b781945 elementor-widget elementor-widget-heading\" data-id=\"b781945\" data-element_type=\"widget\" data-widget_type=\"heading.default\">\n\t\t\t\t<div class=\"elementor-widget-container\">\n\t\t\t\t\t<h2 class=\"elementor-heading-title elementor-size-default\">Event Dinnerware Rentals Bogot\u00e1<\/h2>\t\t\t\t<\/div>\n\t\t\t\t<\/div>\n\t\t\t\t<div class=\"elementor-element elementor-element-28df8a3e elementor-widget elementor-widget-heading\" data-id=\"28df8a3e\" data-element_type=\"widget\" data-widget_type=\"heading.default\">\n\t\t\t\t<div class=\"elementor-widget-container\">\n\t\t\t\t\t<h5 class=\"elementor-heading-title elementor-size-default\">We provide rental equipment and supplies for all types of events and celebrations. At Casa de Banquetes L\u00f3pez CBL, we make sure your event's dining experience is enhanced with tableware that perfectly complements your celebration's style and theme.<\/h5>\t\t\t\t<\/div>\n\t\t\t\t<\/div>\n\t\t\t\t<div class=\"elementor-element elementor-element-71f7c3c7 gallery-spacing-custom elementor-widget elementor-widget-image-gallery\" data-id=\"71f7c3c7\" data-element_type=\"widget\" data-widget_type=\"image-gallery.default\">\n\t\t\t\t<div class=\"elementor-widget-container\">\n\t\t\t\t\t\t\t<div class=\"elementor-image-gallery\">\n\t\t\t<div id='gallery-1' class='gallery galleryid-49 gallery-columns-3 gallery-size-full'><figure class='gallery-item'>\n\t\t\t<div class='gallery-icon landscape'>\n\t\t\t\t<a data-elementor-open-lightbox=\"yes\" data-elementor-lightbox-slideshow=\"71f7c3c7\" data-elementor-lightbox-title=\"Menaje para Eventos Bogot\u00e1\" data-e-action-hash=\"#elementor-action%3Aaction%3Dlightbox%26settings%3DeyJpZCI6NjE0LCJ1cmwiOiJodHRwczpcL1wvY2FzYWRlYmFucXVldGVzbG9wZXouY29tXC93cC1jb250ZW50XC91cGxvYWRzXC8yMDIyXC8wM1wvSTMwLnBuZyIsInNsaWRlc2hvdyI6IjcxZjdjM2M3In0%3D\" href='https:\/\/casadebanqueteslopez.com\/wp-content\/uploads\/2022\/03\/I30.png'><img fetchpriority=\"high\" decoding=\"async\" width=\"500\" height=\"390\" src=\"https:\/\/casadebanqueteslopez.com\/wp-content\/uploads\/2022\/03\/I30.png\" class=\"attachment-full size-full\" alt=\"Menaje para Eventos Bogot\u00e1\" srcset=\"https:\/\/casadebanqueteslopez.com\/wp-content\/uploads\/2022\/03\/I30.png 500w, https:\/\/casadebanqueteslopez.com\/wp-content\/uploads\/2022\/03\/I30-300x234.png 300w\" sizes=\"(max-width: 500px) 100vw, 500px\" \/><\/a>\n\t\t\t<\/div><\/figure><figure class='gallery-item'>\n\t\t\t<div class='gallery-icon landscape'>\n\t\t\t\t<a data-elementor-open-lightbox=\"yes\" data-elementor-lightbox-slideshow=\"71f7c3c7\" data-elementor-lightbox-title=\"Menaje para Eventos Bogot\u00e1\" data-e-action-hash=\"#elementor-action%3Aaction%3Dlightbox%26settings%3DeyJpZCI6NjE1LCJ1cmwiOiJodHRwczpcL1wvY2FzYWRlYmFucXVldGVzbG9wZXouY29tXC93cC1jb250ZW50XC91cGxvYWRzXC8yMDIyXC8wM1wvSTI5LnBuZyIsInNsaWRlc2hvdyI6IjcxZjdjM2M3In0%3D\" href='https:\/\/casadebanqueteslopez.com\/wp-content\/uploads\/2022\/03\/I29.png'><img decoding=\"async\" width=\"500\" height=\"390\" src=\"https:\/\/casadebanqueteslopez.com\/wp-content\/uploads\/2022\/03\/I29.png\" class=\"attachment-full size-full\" alt=\"Menaje para Eventos Bogot\u00e1\" srcset=\"https:\/\/casadebanqueteslopez.com\/wp-content\/uploads\/2022\/03\/I29.png 500w, https:\/\/casadebanqueteslopez.com\/wp-content\/uploads\/2022\/03\/I29-300x234.png 300w\" sizes=\"(max-width: 500px) 100vw, 500px\" \/><\/a>\n\t\t\t<\/div><\/figure><figure class='gallery-item'>\n\t\t\t<div class='gallery-icon landscape'>\n\t\t\t\t<a data-elementor-open-lightbox=\"yes\" data-elementor-lightbox-slideshow=\"71f7c3c7\" data-elementor-lightbox-title=\"Menaje para Eventos Bogot\u00e1\" data-e-action-hash=\"#elementor-action%3Aaction%3Dlightbox%26settings%3DeyJpZCI6NjE2LCJ1cmwiOiJodHRwczpcL1wvY2FzYWRlYmFucXVldGVzbG9wZXouY29tXC93cC1jb250ZW50XC91cGxvYWRzXC8yMDIyXC8wM1wvSTI4LnBuZyIsInNsaWRlc2hvdyI6IjcxZjdjM2M3In0%3D\" href='https:\/\/casadebanqueteslopez.com\/wp-content\/uploads\/2022\/03\/I28.png'><img decoding=\"async\" width=\"500\" height=\"390\" src=\"https:\/\/casadebanqueteslopez.com\/wp-content\/uploads\/2022\/03\/I28.png\" class=\"attachment-full size-full\" alt=\"Menaje para Eventos Bogot\u00e1\" srcset=\"https:\/\/casadebanqueteslopez.com\/wp-content\/uploads\/2022\/03\/I28.png 500w, https:\/\/casadebanqueteslopez.com\/wp-content\/uploads\/2022\/03\/I28-300x234.png 300w\" sizes=\"(max-width: 500px) 100vw, 500px\" \/><\/a>\n\t\t\t<\/div><\/figure><figure class='gallery-item'>\n\t\t\t<div class='gallery-icon landscape'>\n\t\t\t\t<a data-elementor-open-lightbox=\"yes\" data-elementor-lightbox-slideshow=\"71f7c3c7\" data-elementor-lightbox-title=\"Menaje para Eventos Bogot\u00e1\" data-e-action-hash=\"#elementor-action%3Aaction%3Dlightbox%26settings%3DeyJpZCI6NjE3LCJ1cmwiOiJodHRwczpcL1wvY2FzYWRlYmFucXVldGVzbG9wZXouY29tXC93cC1jb250ZW50XC91cGxvYWRzXC8yMDIyXC8wM1wvSTI3LnBuZyIsInNsaWRlc2hvdyI6IjcxZjdjM2M3In0%3D\" href='https:\/\/casadebanqueteslopez.com\/wp-content\/uploads\/2022\/03\/I27.png'><img loading=\"lazy\" decoding=\"async\" width=\"500\" height=\"390\" src=\"https:\/\/casadebanqueteslopez.com\/wp-content\/uploads\/2022\/03\/I27.png\" class=\"attachment-full size-full\" alt=\"Menaje para Eventos Bogot\u00e1\" srcset=\"https:\/\/casadebanqueteslopez.com\/wp-content\/uploads\/2022\/03\/I27.png 500w, https:\/\/casadebanqueteslopez.com\/wp-content\/uploads\/2022\/03\/I27-300x234.png 300w\" sizes=\"(max-width: 500px) 100vw, 500px\" \/><\/a>\n\t\t\t<\/div><\/figure><figure class='gallery-item'>\n\t\t\t<div class='gallery-icon landscape'>\n\t\t\t\t<a data-elementor-open-lightbox=\"yes\" data-elementor-lightbox-slideshow=\"71f7c3c7\" data-elementor-lightbox-title=\"Menaje para Eventos Bogot\u00e1\" data-e-action-hash=\"#elementor-action%3Aaction%3Dlightbox%26settings%3DeyJpZCI6NjE4LCJ1cmwiOiJodHRwczpcL1wvY2FzYWRlYmFucXVldGVzbG9wZXouY29tXC93cC1jb250ZW50XC91cGxvYWRzXC8yMDIyXC8wM1wvSTI1LnBuZyIsInNsaWRlc2hvdyI6IjcxZjdjM2M3In0%3D\" href='https:\/\/casadebanqueteslopez.com\/wp-content\/uploads\/2022\/03\/I25.png'><img loading=\"lazy\" decoding=\"async\" width=\"500\" height=\"390\" src=\"https:\/\/casadebanqueteslopez.com\/wp-content\/uploads\/2022\/03\/I25.png\" class=\"attachment-full size-full\" alt=\"Menaje para Eventos Bogot\u00e1\" srcset=\"https:\/\/casadebanqueteslopez.com\/wp-content\/uploads\/2022\/03\/I25.png 500w, https:\/\/casadebanqueteslopez.com\/wp-content\/uploads\/2022\/03\/I25-300x234.png 300w\" sizes=\"(max-width: 500px) 100vw, 500px\" \/><\/a>\n\t\t\t<\/div><\/figure><figure class='gallery-item'>\n\t\t\t<div class='gallery-icon landscape'>\n\t\t\t\t<a data-elementor-open-lightbox=\"yes\" data-elementor-lightbox-slideshow=\"71f7c3c7\" data-elementor-lightbox-title=\"Menaje para Eventos Bogot\u00e1\" data-e-action-hash=\"#elementor-action%3Aaction%3Dlightbox%26settings%3DeyJpZCI6NjE5LCJ1cmwiOiJodHRwczpcL1wvY2FzYWRlYmFucXVldGVzbG9wZXouY29tXC93cC1jb250ZW50XC91cGxvYWRzXC8yMDIyXC8wM1wvSTI2LnBuZyIsInNsaWRlc2hvdyI6IjcxZjdjM2M3In0%3D\" href='https:\/\/casadebanqueteslopez.com\/wp-content\/uploads\/2022\/03\/I26.png'><img loading=\"lazy\" decoding=\"async\" width=\"500\" height=\"390\" src=\"https:\/\/casadebanqueteslopez.com\/wp-content\/uploads\/2022\/03\/I26.png\" class=\"attachment-full size-full\" alt=\"Menaje para Eventos Bogot\u00e1\" srcset=\"https:\/\/casadebanqueteslopez.com\/wp-content\/uploads\/2022\/03\/I26.png 500w, https:\/\/casadebanqueteslopez.com\/wp-content\/uploads\/2022\/03\/I26-300x234.png 300w\" sizes=\"(max-width: 500px) 100vw, 500px\" \/><\/a>\n\t\t\t<\/div><\/figure>\n\t\t<\/div>\n\t\t<\/div>\n\t\t\t\t\t\t<\/div>\n\t\t\t\t<\/div>\n\t\t\t\t<div class=\"elementor-element elementor-element-6dadc08 elementor-align-center elementor-widget elementor-widget-button\" data-id=\"6dadc08\" data-element_type=\"widget\" data-widget_type=\"button.default\">\n\t\t\t\t<div class=\"elementor-widget-container\">\n\t\t\t\t\t\t\t\t\t<div class=\"elementor-button-wrapper\">\n\t\t\t\t\t<a class=\"elementor-button elementor-button-link elementor-size-sm elementor-animation-grow\" href=\"https:\/\/walink.co\/55b297\" target=\"_blank\">\n\t\t\t\t\t\t<span class=\"elementor-button-content-wrapper\">\n\t\t\t\t\t\t\t\t\t<span class=\"elementor-button-text\">Contact Us<\/span>\n\t\t\t\t\t<\/span>\n\t\t\t\t\t<\/a>\n\t\t\t\t<\/div>\n\t\t\t\t\t\t\t\t<\/div>\n\t\t\t\t<\/div>\n\t\t\t\t\t<\/div>\n\t\t<\/div>\n\t\t\t\t\t<\/div>\n\t\t<\/section>\n\t\t\t\t<\/div>","protected":false},"excerpt":{"rendered":"<p>Alquiler de Menaje para Eventos Habla con nosotros Alquiler de Menaje para Eventos Bogot\u00e1 Tenemos el alquiler del material y utiler\u00eda que se requiere para eventos o celebraciones. En Casa de Banquetes L\u00f3pez CBL nos encargamos de que los alimentos de tu evento est\u00e9n acompa\u00f1ados con utiler\u00eda que est\u00e9 acorde a la tem\u00e1tica de la &hellip;<\/p>\n<p class=\"read-more\"> <a class=\"\" href=\"https:\/\/casadebanqueteslopez.com\/en\/menaje\/\"> <span class=\"screen-reader-text\">Tableware<\/span> Read More &raquo;<\/a><\/p>","protected":false},"author":1,"featured_media":0,"parent":0,"menu_order":0,"comment_status":"closed","ping_status":"closed","template":"","meta":{"site-sidebar-layout":"no-sidebar","site-content-layout":"page-builder","ast-main-header-display":"","ast-hfb-above-header-display":"","ast-hfb-below-header-display":"","ast-hfb-mobile-header-display":"","site-post-title":"disabled","ast-breadcrumbs-content":"","ast-featured-img":"disabled","footer-sml-layout":"","theme-transparent-header-meta":"","adv-header-id-meta":"","stick-header-meta":"","header-above-stick-meta":"","header-main-stick-meta":"","header-below-stick-meta":"","_joinchat":[],"footnotes":""},"class_list":["post-49","page","type-page","status-publish","hentry"],"yoast_head":"<!-- This site is optimized with the Yoast SEO plugin v25.4 - https:\/\/yoast.com\/wordpress\/plugins\/seo\/ -->\n<title>Menaje - Casa de banquetes<\/title>\n<meta name=\"robots\" content=\"index, follow, max-snippet:-1, max-image-preview:large, max-video-preview:-1\" \/>\n<link rel=\"canonical\" href=\"https:\/\/casadebanqueteslopez.com\/en\/menaje\/\" \/>\n<meta property=\"og:locale\" content=\"en_US\" \/>\n<meta property=\"og:type\" content=\"article\" \/>\n<meta property=\"og:title\" content=\"Menaje - Casa de banquetes\" \/>\n<meta property=\"og:description\" content=\"Alquiler de Menaje para Eventos Habla con nosotros Alquiler de Menaje para Eventos Bogot\u00e1 Tenemos el alquiler del material y utiler\u00eda que se requiere para eventos o celebraciones. En Casa de Banquetes L\u00f3pez CBL nos encargamos de que los alimentos de tu evento est\u00e9n acompa\u00f1ados con utiler\u00eda que est\u00e9 acorde a la tem\u00e1tica de la &hellip; Menaje Read More &raquo;\" \/>\n<meta property=\"og:url\" content=\"https:\/\/casadebanqueteslopez.com\/en\/menaje\/\" \/>\n<meta property=\"og:site_name\" content=\"Casa de banquetes\" \/>\n<meta property=\"article:modified_time\" content=\"2022-03-23T16:48:14+00:00\" \/>\n<meta property=\"og:image\" content=\"https:\/\/casadebanqueteslopez.com\/wp-content\/uploads\/2022\/03\/I30.png\" \/>\n<meta name=\"twitter:card\" content=\"summary_large_image\" \/>\n<script type=\"application\/ld+json\" class=\"yoast-schema-graph\">{\"@context\":\"https:\/\/schema.org\",\"@graph\":[{\"@type\":\"WebPage\",\"@id\":\"https:\/\/casadebanqueteslopez.com\/menaje\/\",\"url\":\"https:\/\/casadebanqueteslopez.com\/menaje\/\",\"name\":\"Menaje - Casa de banquetes\",\"isPartOf\":{\"@id\":\"https:\/\/casadebanqueteslopez.com\/#website\"},\"primaryImageOfPage\":{\"@id\":\"https:\/\/casadebanqueteslopez.com\/menaje\/#primaryimage\"},\"image\":{\"@id\":\"https:\/\/casadebanqueteslopez.com\/menaje\/#primaryimage\"},\"thumbnailUrl\":\"https:\/\/casadebanqueteslopez.com\/wp-content\/uploads\/2022\/03\/I30.png\",\"datePublished\":\"2022-02-24T21:07:31+00:00\",\"dateModified\":\"2022-03-23T16:48:14+00:00\",\"breadcrumb\":{\"@id\":\"https:\/\/casadebanqueteslopez.com\/menaje\/#breadcrumb\"},\"inLanguage\":\"en-US\",\"potentialAction\":[{\"@type\":\"ReadAction\",\"target\":[\"https:\/\/casadebanqueteslopez.com\/menaje\/\"]}]},{\"@type\":\"ImageObject\",\"inLanguage\":\"en-US\",\"@id\":\"https:\/\/casadebanqueteslopez.com\/menaje\/#primaryimage\",\"url\":\"https:\/\/casadebanqueteslopez.com\/wp-content\/uploads\/2022\/03\/I30.png\",\"contentUrl\":\"https:\/\/casadebanqueteslopez.com\/wp-content\/uploads\/2022\/03\/I30.png\"},{\"@type\":\"BreadcrumbList\",\"@id\":\"https:\/\/casadebanqueteslopez.com\/menaje\/#breadcrumb\",\"itemListElement\":[{\"@type\":\"ListItem\",\"position\":1,\"name\":\"Portada\",\"item\":\"https:\/\/casadebanqueteslopez.com\/\"},{\"@type\":\"ListItem\",\"position\":2,\"name\":\"Menaje\"}]},{\"@type\":\"WebSite\",\"@id\":\"https:\/\/casadebanqueteslopez.com\/#website\",\"url\":\"https:\/\/casadebanqueteslopez.com\/\",\"name\":\"Casa de banquetes\",\"description\":\"Casa de banquetes en bogot\u00e1\",\"potentialAction\":[{\"@type\":\"SearchAction\",\"target\":{\"@type\":\"EntryPoint\",\"urlTemplate\":\"https:\/\/casadebanqueteslopez.com\/?s={search_term_string}\"},\"query-input\":{\"@type\":\"PropertyValueSpecification\",\"valueRequired\":true,\"valueName\":\"search_term_string\"}}],\"inLanguage\":\"en-US\"}]}<\/script>\n<!-- \/ Yoast SEO plugin. -->","yoast_head_json":{"title":"Menaje - Casa de banquetes","robots":{"index":"index","follow":"follow","max-snippet":"max-snippet:-1","max-image-preview":"max-image-preview:large","max-video-preview":"max-video-preview:-1"},"canonical":"https:\/\/casadebanqueteslopez.com\/en\/menaje\/","og_locale":"en_US","og_type":"article","og_title":"Menaje - Casa de banquetes","og_description":"Alquiler de Menaje para Eventos Habla con nosotros Alquiler de Menaje para Eventos Bogot\u00e1 Tenemos el alquiler del material y utiler\u00eda que se requiere para eventos o celebraciones. En Casa de Banquetes L\u00f3pez CBL nos encargamos de que los alimentos de tu evento est\u00e9n acompa\u00f1ados con utiler\u00eda que est\u00e9 acorde a la tem\u00e1tica de la &hellip; Menaje Read More &raquo;","og_url":"https:\/\/casadebanqueteslopez.com\/en\/menaje\/","og_site_name":"Casa de banquetes","article_modified_time":"2022-03-23T16:48:14+00:00","og_image":[{"url":"https:\/\/casadebanqueteslopez.com\/wp-content\/uploads\/2022\/03\/I30.png","type":"","width":"","height":""}],"twitter_card":"summary_large_image","schema":{"@context":"https:\/\/schema.org","@graph":[{"@type":"WebPage","@id":"https:\/\/casadebanqueteslopez.com\/menaje\/","url":"https:\/\/casadebanqueteslopez.com\/menaje\/","name":"Menaje - Casa de banquetes","isPartOf":{"@id":"https:\/\/casadebanqueteslopez.com\/#website"},"primaryImageOfPage":{"@id":"https:\/\/casadebanqueteslopez.com\/menaje\/#primaryimage"},"image":{"@id":"https:\/\/casadebanqueteslopez.com\/menaje\/#primaryimage"},"thumbnailUrl":"https:\/\/casadebanqueteslopez.com\/wp-content\/uploads\/2022\/03\/I30.png","datePublished":"2022-02-24T21:07:31+00:00","dateModified":"2022-03-23T16:48:14+00:00","breadcrumb":{"@id":"https:\/\/casadebanqueteslopez.com\/menaje\/#breadcrumb"},"inLanguage":"en-US","potentialAction":[{"@type":"ReadAction","target":["https:\/\/casadebanqueteslopez.com\/menaje\/"]}]},{"@type":"ImageObject","inLanguage":"en-US","@id":"https:\/\/casadebanqueteslopez.com\/menaje\/#primaryimage","url":"https:\/\/casadebanqueteslopez.com\/wp-content\/uploads\/2022\/03\/I30.png","contentUrl":"https:\/\/casadebanqueteslopez.com\/wp-content\/uploads\/2022\/03\/I30.png"},{"@type":"BreadcrumbList","@id":"https:\/\/casadebanqueteslopez.com\/menaje\/#breadcrumb","itemListElement":[{"@type":"ListItem","position":1,"name":"Portada","item":"https:\/\/casadebanqueteslopez.com\/"},{"@type":"ListItem","position":2,"name":"Menaje"}]},{"@type":"WebSite","@id":"https:\/\/casadebanqueteslopez.com\/#website","url":"https:\/\/casadebanqueteslopez.com\/","name":"Casa de banquetes","description":"Casa de banquetes en bogot\u00e1","potentialAction":[{"@type":"SearchAction","target":{"@type":"EntryPoint","urlTemplate":"https:\/\/casadebanqueteslopez.com\/?s={search_term_string}"},"query-input":{"@type":"PropertyValueSpecification","valueRequired":true,"valueName":"search_term_string"}}],"inLanguage":"en-US"}]}},"_links":{"self":[{"href":"https:\/\/casadebanqueteslopez.com\/en\/wp-json\/wp\/v2\/pages\/49","targetHints":{"allow":["GET"]}}],"collection":[{"href":"https:\/\/casadebanqueteslopez.com\/en\/wp-json\/wp\/v2\/pages"}],"about":[{"href":"https:\/\/casadebanqueteslopez.com\/en\/wp-json\/wp\/v2\/types\/page"}],"author":[{"embeddable":true,"href":"https:\/\/casadebanqueteslopez.com\/en\/wp-json\/wp\/v2\/users\/1"}],"replies":[{"embeddable":true,"href":"https:\/\/casadebanqueteslopez.com\/en\/wp-json\/wp\/v2\/comments?post=49"}],"version-history":[{"count":58,"href":"https:\/\/casadebanqueteslopez.com\/en\/wp-json\/wp\/v2\/pages\/49\/revisions"}],"predecessor-version":[{"id":2104,"href":"https:\/\/casadebanqueteslopez.com\/en\/wp-json\/wp\/v2\/pages\/49\/revisions\/2104"}],"wp:attachment":[{"href":"https:\/\/casadebanqueteslopez.com\/en\/wp-json\/wp\/v2\/media?parent=49"}],"curies":[{"name":"wp","href":"https:\/\/api.w.org\/{rel}","templated":true}]}}