{"id":44,"date":"2022-02-24T21:06:21","date_gmt":"2022-02-24T21:06:21","guid":{"rendered":"https:\/\/casadebanqueteslopez.com\/?page_id=44"},"modified":"2022-03-23T16:46:32","modified_gmt":"2022-03-23T16:46:32","slug":"alquiler","status":"publish","type":"page","link":"https:\/\/casadebanqueteslopez.com\/en\/alquiler\/","title":{"rendered":"Rental for Any Occasion"},"content":{"rendered":"<div data-elementor-type=\"wp-page\" data-elementor-id=\"44\" class=\"elementor elementor-44\" data-elementor-post-type=\"page\">\n\t\t\t\t\t\t<section class=\"elementor-section elementor-top-section elementor-element elementor-element-7b72f8e elementor-section-height-min-height elementor-section-content-middle elementor-section-boxed elementor-section-height-default elementor-section-items-middle\" data-id=\"7b72f8e\" data-element_type=\"section\" data-settings=\"{&quot;background_background&quot;:&quot;classic&quot;}\">\n\t\t\t\t\t\t\t<div class=\"elementor-background-overlay\"><\/div>\n\t\t\t\t\t\t\t<div class=\"elementor-container elementor-column-gap-default\">\n\t\t\t\t\t<div class=\"elementor-column elementor-col-100 elementor-top-column elementor-element elementor-element-366e9076\" data-id=\"366e9076\" data-element_type=\"column\">\n\t\t\t<div class=\"elementor-widget-wrap elementor-element-populated\">\n\t\t\t\t\t\t<div class=\"elementor-element elementor-element-48a41ca8 elementor-widget elementor-widget-heading\" data-id=\"48a41ca8\" data-element_type=\"widget\" data-widget_type=\"heading.default\">\n\t\t\t\t<div class=\"elementor-widget-container\">\n\t\t\t\t\t<h1 class=\"elementor-heading-title elementor-size-default\">Event Venue Rentals<\/h1>\t\t\t\t<\/div>\n\t\t\t\t<\/div>\n\t\t\t\t<div class=\"elementor-element elementor-element-71ee5489 elementor-widget elementor-widget-button\" data-id=\"71ee5489\" data-element_type=\"widget\" data-widget_type=\"button.default\">\n\t\t\t\t<div class=\"elementor-widget-container\">\n\t\t\t\t\t\t\t\t\t<div class=\"elementor-button-wrapper\">\n\t\t\t\t\t<a class=\"elementor-button elementor-button-link elementor-size-sm elementor-animation-grow\" href=\"https:\/\/walink.co\/55b297\" target=\"_blank\">\n\t\t\t\t\t\t<span class=\"elementor-button-content-wrapper\">\n\t\t\t\t\t\t\t\t\t<span class=\"elementor-button-text\">How Can We Help?<\/span>\n\t\t\t\t\t<\/span>\n\t\t\t\t\t<\/a>\n\t\t\t\t<\/div>\n\t\t\t\t\t\t\t\t<\/div>\n\t\t\t\t<\/div>\n\t\t\t\t\t<\/div>\n\t\t<\/div>\n\t\t\t\t\t<\/div>\n\t\t<\/section>\n\t\t\t\t<section class=\"elementor-section elementor-top-section elementor-element elementor-element-38a3bd8d elementor-section-content-middle elementor-section-boxed elementor-section-height-default elementor-section-height-default\" data-id=\"38a3bd8d\" data-element_type=\"section\" data-settings=\"{&quot;background_background&quot;:&quot;classic&quot;}\">\n\t\t\t\t\t\t\t<div class=\"elementor-background-overlay\"><\/div>\n\t\t\t\t\t\t\t<div class=\"elementor-container elementor-column-gap-no\">\n\t\t\t\t\t<div class=\"elementor-column elementor-col-100 elementor-top-column elementor-element elementor-element-57e8a3c3\" data-id=\"57e8a3c3\" data-element_type=\"column\">\n\t\t\t<div class=\"elementor-widget-wrap elementor-element-populated\">\n\t\t\t\t\t\t<div class=\"elementor-element elementor-element-82f4c34 elementor-widget elementor-widget-heading\" data-id=\"82f4c34\" data-element_type=\"widget\" data-widget_type=\"heading.default\">\n\t\t\t\t<div class=\"elementor-widget-container\">\n\t\t\t\t\t<h2 class=\"elementor-heading-title elementor-size-default\">Event Furniture Rentals<\/h2>\t\t\t\t<\/div>\n\t\t\t\t<\/div>\n\t\t\t\t<section class=\"elementor-section elementor-inner-section elementor-element elementor-element-7bdc6b6c elementor-section-content-middle elementor-section-boxed elementor-section-height-default elementor-section-height-default\" data-id=\"7bdc6b6c\" data-element_type=\"section\">\n\t\t\t\t\t\t<div class=\"elementor-container elementor-column-gap-no\">\n\t\t\t\t\t<div class=\"elementor-column elementor-col-33 elementor-inner-column elementor-element elementor-element-759a4170\" data-id=\"759a4170\" data-element_type=\"column\">\n\t\t\t<div class=\"elementor-widget-wrap elementor-element-populated\">\n\t\t\t\t\t\t<div class=\"elementor-element elementor-element-333fc0db elementor-widget elementor-widget-image\" data-id=\"333fc0db\" data-element_type=\"widget\" data-widget_type=\"image.default\">\n\t\t\t\t<div class=\"elementor-widget-container\">\n\t\t\t\t\t\t\t\t\t\t\t\t\t\t\t\t<a href=\"https:\/\/casadebanqueteslopez.com\/en\/lenceria\/\" target=\"_blank\">\n\t\t\t\t\t\t\t<img fetchpriority=\"high\" decoding=\"async\" width=\"390\" height=\"390\" src=\"https:\/\/casadebanqueteslopez.com\/wp-content\/uploads\/2022\/03\/I15.png\" class=\"elementor-animation-sink attachment-full size-full wp-image-488\" alt=\"Alquiler de mobiliario para eventos\" srcset=\"https:\/\/casadebanqueteslopez.com\/wp-content\/uploads\/2022\/03\/I15.png 390w, https:\/\/casadebanqueteslopez.com\/wp-content\/uploads\/2022\/03\/I15-300x300.png 300w, https:\/\/casadebanqueteslopez.com\/wp-content\/uploads\/2022\/03\/I15-150x150.png 150w\" sizes=\"(max-width: 390px) 100vw, 390px\" \/>\t\t\t\t\t\t\t\t<\/a>\n\t\t\t\t\t\t\t\t\t\t\t\t\t\t\t<\/div>\n\t\t\t\t<\/div>\n\t\t\t\t\t<\/div>\n\t\t<\/div>\n\t\t\t\t<div class=\"elementor-column elementor-col-33 elementor-inner-column elementor-element elementor-element-9aa6106\" data-id=\"9aa6106\" data-element_type=\"column\">\n\t\t\t<div class=\"elementor-widget-wrap elementor-element-populated\">\n\t\t\t\t\t\t<div class=\"elementor-element elementor-element-ad14a41 elementor-widget elementor-widget-heading\" data-id=\"ad14a41\" data-element_type=\"widget\" data-widget_type=\"heading.default\">\n\t\t\t\t<div class=\"elementor-widget-container\">\n\t\t\t\t\t<h6 class=\"elementor-heading-title elementor-size-default\">Event Linen Rental<\/h6>\t\t\t\t<\/div>\n\t\t\t\t<\/div>\n\t\t\t\t<div class=\"elementor-element elementor-element-61a5b1c4 elementor-widget elementor-widget-text-editor\" data-id=\"61a5b1c4\" data-element_type=\"widget\" data-widget_type=\"text-editor.default\">\n\t\t\t\t<div class=\"elementor-widget-container\">\n\t\t\t\t\t\t\t\t\t<p>Linens and accessories to match your event's theme and style.<\/p>\t\t\t\t\t\t\t\t<\/div>\n\t\t\t\t<\/div>\n\t\t\t\t\t<\/div>\n\t\t<\/div>\n\t\t\t\t<div class=\"elementor-column elementor-col-33 elementor-inner-column elementor-element elementor-element-3bff788b\" data-id=\"3bff788b\" data-element_type=\"column\">\n\t\t\t<div class=\"elementor-widget-wrap elementor-element-populated\">\n\t\t\t\t\t\t<div class=\"elementor-element elementor-element-bf7803c elementor-widget elementor-widget-image\" data-id=\"bf7803c\" data-element_type=\"widget\" data-widget_type=\"image.default\">\n\t\t\t\t<div class=\"elementor-widget-container\">\n\t\t\t\t\t\t\t\t\t\t\t\t\t\t\t\t<a href=\"https:\/\/casadebanqueteslopez.com\/en\/menaje\/\" target=\"_blank\">\n\t\t\t\t\t\t\t<img decoding=\"async\" width=\"390\" height=\"390\" src=\"https:\/\/casadebanqueteslopez.com\/wp-content\/uploads\/2022\/03\/I14.png\" class=\"elementor-animation-sink attachment-full size-full wp-image-489\" alt=\"Alquiler de lencer\u00eda para eventos\" srcset=\"https:\/\/casadebanqueteslopez.com\/wp-content\/uploads\/2022\/03\/I14.png 390w, https:\/\/casadebanqueteslopez.com\/wp-content\/uploads\/2022\/03\/I14-300x300.png 300w, https:\/\/casadebanqueteslopez.com\/wp-content\/uploads\/2022\/03\/I14-150x150.png 150w\" sizes=\"(max-width: 390px) 100vw, 390px\" \/>\t\t\t\t\t\t\t\t<\/a>\n\t\t\t\t\t\t\t\t\t\t\t\t\t\t\t<\/div>\n\t\t\t\t<\/div>\n\t\t\t\t\t<\/div>\n\t\t<\/div>\n\t\t\t\t\t<\/div>\n\t\t<\/section>\n\t\t\t\t<section class=\"elementor-section elementor-inner-section elementor-element elementor-element-1c2b661c elementor-section-content-middle elementor-section-boxed elementor-section-height-default elementor-section-height-default\" data-id=\"1c2b661c\" data-element_type=\"section\">\n\t\t\t\t\t\t<div class=\"elementor-container elementor-column-gap-no\">\n\t\t\t\t\t<div class=\"elementor-column elementor-col-33 elementor-inner-column elementor-element elementor-element-7983d38e\" data-id=\"7983d38e\" data-element_type=\"column\">\n\t\t\t<div class=\"elementor-widget-wrap elementor-element-populated\">\n\t\t\t\t\t\t<div class=\"elementor-element elementor-element-a9c022d elementor-widget elementor-widget-heading\" data-id=\"a9c022d\" data-element_type=\"widget\" data-widget_type=\"heading.default\">\n\t\t\t\t<div class=\"elementor-widget-container\">\n\t\t\t\t\t<h6 class=\"elementor-heading-title elementor-size-default\">Tableware Rental<\/h6>\t\t\t\t<\/div>\n\t\t\t\t<\/div>\n\t\t\t\t<div class=\"elementor-element elementor-element-35adc1ff elementor-widget elementor-widget-text-editor\" data-id=\"35adc1ff\" data-element_type=\"widget\" data-widget_type=\"text-editor.default\">\n\t\t\t\t<div class=\"elementor-widget-container\">\n\t\t\t\t\t\t\t\t\t<p>Dinnerware and glassware available for your events.<\/p>\t\t\t\t\t\t\t\t<\/div>\n\t\t\t\t<\/div>\n\t\t\t\t\t<\/div>\n\t\t<\/div>\n\t\t\t\t<div class=\"elementor-column elementor-col-33 elementor-inner-column elementor-element elementor-element-3bc55b0c\" data-id=\"3bc55b0c\" data-element_type=\"column\">\n\t\t\t<div class=\"elementor-widget-wrap elementor-element-populated\">\n\t\t\t\t\t\t<div class=\"elementor-element elementor-element-796f33a elementor-widget elementor-widget-image\" data-id=\"796f33a\" data-element_type=\"widget\" data-widget_type=\"image.default\">\n\t\t\t\t<div class=\"elementor-widget-container\">\n\t\t\t\t\t\t\t\t\t\t\t\t\t\t\t\t<a href=\"https:\/\/casadebanqueteslopez.com\/en\/mobiliario\/\" target=\"_blank\">\n\t\t\t\t\t\t\t<img decoding=\"async\" width=\"390\" height=\"390\" src=\"https:\/\/casadebanqueteslopez.com\/wp-content\/uploads\/2022\/03\/I16.png\" class=\"elementor-animation-sink attachment-full size-full wp-image-487\" alt=\"alquiler de menaje para eventos\" srcset=\"https:\/\/casadebanqueteslopez.com\/wp-content\/uploads\/2022\/03\/I16.png 390w, https:\/\/casadebanqueteslopez.com\/wp-content\/uploads\/2022\/03\/I16-300x300.png 300w, https:\/\/casadebanqueteslopez.com\/wp-content\/uploads\/2022\/03\/I16-150x150.png 150w\" sizes=\"(max-width: 390px) 100vw, 390px\" \/>\t\t\t\t\t\t\t\t<\/a>\n\t\t\t\t\t\t\t\t\t\t\t\t\t\t\t<\/div>\n\t\t\t\t<\/div>\n\t\t\t\t\t<\/div>\n\t\t<\/div>\n\t\t\t\t<div class=\"elementor-column elementor-col-33 elementor-inner-column elementor-element elementor-element-701235f1\" data-id=\"701235f1\" data-element_type=\"column\">\n\t\t\t<div class=\"elementor-widget-wrap elementor-element-populated\">\n\t\t\t\t\t\t<div class=\"elementor-element elementor-element-20b1bf01 elementor-widget elementor-widget-heading\" data-id=\"20b1bf01\" data-element_type=\"widget\" data-widget_type=\"heading.default\">\n\t\t\t\t<div class=\"elementor-widget-container\">\n\t\t\t\t\t<h6 class=\"elementor-heading-title elementor-size-default\">Event Furniture Rental<\/h6>\t\t\t\t<\/div>\n\t\t\t\t<\/div>\n\t\t\t\t<div class=\"elementor-element elementor-element-46cce442 elementor-widget elementor-widget-text-editor\" data-id=\"46cce442\" data-element_type=\"widget\" data-widget_type=\"text-editor.default\">\n\t\t\t\t<div class=\"elementor-widget-container\">\n\t\t\t\t\t\t\t\t\t<p>We provide everything needed to create your perfect event.<\/p>\t\t\t\t\t\t\t\t<\/div>\n\t\t\t\t<\/div>\n\t\t\t\t\t<\/div>\n\t\t<\/div>\n\t\t\t\t\t<\/div>\n\t\t<\/section>\n\t\t\t\t\t<\/div>\n\t\t<\/div>\n\t\t\t\t\t<\/div>\n\t\t<\/section>\n\t\t\t\t<\/div>","protected":false},"excerpt":{"rendered":"<p>Alquiler de Salones para Eventos \u00bfNecesitas Asesor\u00eda? Alquiler de Mobiliario para Eventos Alquiler de Lencer\u00eda Manteler\u00eda y Accesorios para poner el espacio acorde con la tem\u00e1tica del evento. Alquiler de Menaje Vajilla y cristaler\u00eda disponible para tus eventos. Alquiler de Mobiliario Tenemos todo lo relacionado para la escenificaci\u00f3n del acontecimiento que vas a celebrar.<\/p>","protected":false},"author":1,"featured_media":0,"parent":0,"menu_order":0,"comment_status":"closed","ping_status":"closed","template":"","meta":{"site-sidebar-layout":"no-sidebar","site-content-layout":"page-builder","ast-main-header-display":"","ast-hfb-above-header-display":"","ast-hfb-below-header-display":"","ast-hfb-mobile-header-display":"","site-post-title":"disabled","ast-breadcrumbs-content":"","ast-featured-img":"disabled","footer-sml-layout":"","theme-transparent-header-meta":"","adv-header-id-meta":"","stick-header-meta":"","header-above-stick-meta":"","header-main-stick-meta":"","header-below-stick-meta":"","_joinchat":[],"footnotes":""},"class_list":["post-44","page","type-page","status-publish","hentry"],"yoast_head":"<!-- This site is optimized with the Yoast SEO plugin v25.4 - https:\/\/yoast.com\/wordpress\/plugins\/seo\/ -->\n<title>Alquiler para toda ocasi\u00f3n - Casa de banquetes<\/title>\n<meta name=\"robots\" content=\"index, follow, max-snippet:-1, max-image-preview:large, max-video-preview:-1\" \/>\n<link rel=\"canonical\" href=\"https:\/\/casadebanqueteslopez.com\/en\/alquiler\/\" \/>\n<meta property=\"og:locale\" content=\"en_US\" \/>\n<meta property=\"og:type\" content=\"article\" \/>\n<meta property=\"og:title\" content=\"Alquiler para toda ocasi\u00f3n - Casa de banquetes\" \/>\n<meta property=\"og:description\" content=\"Alquiler de Salones para Eventos \u00bfNecesitas Asesor\u00eda? Alquiler de Mobiliario para Eventos Alquiler de Lencer\u00eda Manteler\u00eda y Accesorios para poner el espacio acorde con la tem\u00e1tica del evento. Alquiler de Menaje Vajilla y cristaler\u00eda disponible para tus eventos. Alquiler de Mobiliario Tenemos todo lo relacionado para la escenificaci\u00f3n del acontecimiento que vas a celebrar.\" \/>\n<meta property=\"og:url\" content=\"https:\/\/casadebanqueteslopez.com\/en\/alquiler\/\" \/>\n<meta property=\"og:site_name\" content=\"Casa de banquetes\" \/>\n<meta property=\"article:modified_time\" content=\"2022-03-23T16:46:32+00:00\" \/>\n<meta property=\"og:image\" content=\"https:\/\/casadebanqueteslopez.com\/wp-content\/uploads\/2022\/03\/I15.png\" \/>\n<meta name=\"twitter:card\" content=\"summary_large_image\" \/>\n<script type=\"application\/ld+json\" class=\"yoast-schema-graph\">{\"@context\":\"https:\/\/schema.org\",\"@graph\":[{\"@type\":\"WebPage\",\"@id\":\"https:\/\/casadebanqueteslopez.com\/alquiler\/\",\"url\":\"https:\/\/casadebanqueteslopez.com\/alquiler\/\",\"name\":\"Alquiler para toda ocasi\u00f3n - Casa de banquetes\",\"isPartOf\":{\"@id\":\"https:\/\/casadebanqueteslopez.com\/#website\"},\"primaryImageOfPage\":{\"@id\":\"https:\/\/casadebanqueteslopez.com\/alquiler\/#primaryimage\"},\"image\":{\"@id\":\"https:\/\/casadebanqueteslopez.com\/alquiler\/#primaryimage\"},\"thumbnailUrl\":\"https:\/\/casadebanqueteslopez.com\/wp-content\/uploads\/2022\/03\/I15.png\",\"datePublished\":\"2022-02-24T21:06:21+00:00\",\"dateModified\":\"2022-03-23T16:46:32+00:00\",\"breadcrumb\":{\"@id\":\"https:\/\/casadebanqueteslopez.com\/alquiler\/#breadcrumb\"},\"inLanguage\":\"en-US\",\"potentialAction\":[{\"@type\":\"ReadAction\",\"target\":[\"https:\/\/casadebanqueteslopez.com\/alquiler\/\"]}]},{\"@type\":\"ImageObject\",\"inLanguage\":\"en-US\",\"@id\":\"https:\/\/casadebanqueteslopez.com\/alquiler\/#primaryimage\",\"url\":\"https:\/\/casadebanqueteslopez.com\/wp-content\/uploads\/2022\/03\/I15.png\",\"contentUrl\":\"https:\/\/casadebanqueteslopez.com\/wp-content\/uploads\/2022\/03\/I15.png\"},{\"@type\":\"BreadcrumbList\",\"@id\":\"https:\/\/casadebanqueteslopez.com\/alquiler\/#breadcrumb\",\"itemListElement\":[{\"@type\":\"ListItem\",\"position\":1,\"name\":\"Portada\",\"item\":\"https:\/\/casadebanqueteslopez.com\/\"},{\"@type\":\"ListItem\",\"position\":2,\"name\":\"Alquiler para toda ocasi\u00f3n\"}]},{\"@type\":\"WebSite\",\"@id\":\"https:\/\/casadebanqueteslopez.com\/#website\",\"url\":\"https:\/\/casadebanqueteslopez.com\/\",\"name\":\"Casa de banquetes\",\"description\":\"Casa de banquetes en bogot\u00e1\",\"potentialAction\":[{\"@type\":\"SearchAction\",\"target\":{\"@type\":\"EntryPoint\",\"urlTemplate\":\"https:\/\/casadebanqueteslopez.com\/?s={search_term_string}\"},\"query-input\":{\"@type\":\"PropertyValueSpecification\",\"valueRequired\":true,\"valueName\":\"search_term_string\"}}],\"inLanguage\":\"en-US\"}]}<\/script>\n<!-- \/ Yoast SEO plugin. -->","yoast_head_json":{"title":"Alquiler para toda ocasi\u00f3n - Casa de banquetes","robots":{"index":"index","follow":"follow","max-snippet":"max-snippet:-1","max-image-preview":"max-image-preview:large","max-video-preview":"max-video-preview:-1"},"canonical":"https:\/\/casadebanqueteslopez.com\/en\/alquiler\/","og_locale":"en_US","og_type":"article","og_title":"Alquiler para toda ocasi\u00f3n - Casa de banquetes","og_description":"Alquiler de Salones para Eventos \u00bfNecesitas Asesor\u00eda? Alquiler de Mobiliario para Eventos Alquiler de Lencer\u00eda Manteler\u00eda y Accesorios para poner el espacio acorde con la tem\u00e1tica del evento. Alquiler de Menaje Vajilla y cristaler\u00eda disponible para tus eventos. Alquiler de Mobiliario Tenemos todo lo relacionado para la escenificaci\u00f3n del acontecimiento que vas a celebrar.","og_url":"https:\/\/casadebanqueteslopez.com\/en\/alquiler\/","og_site_name":"Casa de banquetes","article_modified_time":"2022-03-23T16:46:32+00:00","og_image":[{"url":"https:\/\/casadebanqueteslopez.com\/wp-content\/uploads\/2022\/03\/I15.png","type":"","width":"","height":""}],"twitter_card":"summary_large_image","schema":{"@context":"https:\/\/schema.org","@graph":[{"@type":"WebPage","@id":"https:\/\/casadebanqueteslopez.com\/alquiler\/","url":"https:\/\/casadebanqueteslopez.com\/alquiler\/","name":"Alquiler para toda ocasi\u00f3n - Casa de banquetes","isPartOf":{"@id":"https:\/\/casadebanqueteslopez.com\/#website"},"primaryImageOfPage":{"@id":"https:\/\/casadebanqueteslopez.com\/alquiler\/#primaryimage"},"image":{"@id":"https:\/\/casadebanqueteslopez.com\/alquiler\/#primaryimage"},"thumbnailUrl":"https:\/\/casadebanqueteslopez.com\/wp-content\/uploads\/2022\/03\/I15.png","datePublished":"2022-02-24T21:06:21+00:00","dateModified":"2022-03-23T16:46:32+00:00","breadcrumb":{"@id":"https:\/\/casadebanqueteslopez.com\/alquiler\/#breadcrumb"},"inLanguage":"en-US","potentialAction":[{"@type":"ReadAction","target":["https:\/\/casadebanqueteslopez.com\/alquiler\/"]}]},{"@type":"ImageObject","inLanguage":"en-US","@id":"https:\/\/casadebanqueteslopez.com\/alquiler\/#primaryimage","url":"https:\/\/casadebanqueteslopez.com\/wp-content\/uploads\/2022\/03\/I15.png","contentUrl":"https:\/\/casadebanqueteslopez.com\/wp-content\/uploads\/2022\/03\/I15.png"},{"@type":"BreadcrumbList","@id":"https:\/\/casadebanqueteslopez.com\/alquiler\/#breadcrumb","itemListElement":[{"@type":"ListItem","position":1,"name":"Portada","item":"https:\/\/casadebanqueteslopez.com\/"},{"@type":"ListItem","position":2,"name":"Alquiler para toda ocasi\u00f3n"}]},{"@type":"WebSite","@id":"https:\/\/casadebanqueteslopez.com\/#website","url":"https:\/\/casadebanqueteslopez.com\/","name":"Casa de banquetes","description":"Casa de banquetes en bogot\u00e1","potentialAction":[{"@type":"SearchAction","target":{"@type":"EntryPoint","urlTemplate":"https:\/\/casadebanqueteslopez.com\/?s={search_term_string}"},"query-input":{"@type":"PropertyValueSpecification","valueRequired":true,"valueName":"search_term_string"}}],"inLanguage":"en-US"}]}},"_links":{"self":[{"href":"https:\/\/casadebanqueteslopez.com\/en\/wp-json\/wp\/v2\/pages\/44","targetHints":{"allow":["GET"]}}],"collection":[{"href":"https:\/\/casadebanqueteslopez.com\/en\/wp-json\/wp\/v2\/pages"}],"about":[{"href":"https:\/\/casadebanqueteslopez.com\/en\/wp-json\/wp\/v2\/types\/page"}],"author":[{"embeddable":true,"href":"https:\/\/casadebanqueteslopez.com\/en\/wp-json\/wp\/v2\/users\/1"}],"replies":[{"embeddable":true,"href":"https:\/\/casadebanqueteslopez.com\/en\/wp-json\/wp\/v2\/comments?post=44"}],"version-history":[{"count":104,"href":"https:\/\/casadebanqueteslopez.com\/en\/wp-json\/wp\/v2\/pages\/44\/revisions"}],"predecessor-version":[{"id":2098,"href":"https:\/\/casadebanqueteslopez.com\/en\/wp-json\/wp\/v2\/pages\/44\/revisions\/2098"}],"wp:attachment":[{"href":"https:\/\/casadebanqueteslopez.com\/en\/wp-json\/wp\/v2\/media?parent=44"}],"curies":[{"name":"wp","href":"https:\/\/api.w.org\/{rel}","templated":true}]}}