{"id":40,"date":"2022-02-24T20:50:13","date_gmt":"2022-02-24T20:50:13","guid":{"rendered":"https:\/\/casadebanqueteslopez.com\/?page_id=40"},"modified":"2022-03-23T16:38:21","modified_gmt":"2022-03-23T16:38:21","slug":"grados","status":"publish","type":"page","link":"https:\/\/casadebanqueteslopez.com\/en\/grados\/","title":{"rendered":"Graduatios"},"content":{"rendered":"<div data-elementor-type=\"wp-page\" data-elementor-id=\"40\" class=\"elementor elementor-40\" data-elementor-post-type=\"page\">\n\t\t\t\t\t\t<section class=\"elementor-section elementor-top-section elementor-element elementor-element-52fc99d elementor-section-height-min-height elementor-section-content-middle elementor-section-boxed elementor-section-height-default elementor-section-items-middle\" data-id=\"52fc99d\" data-element_type=\"section\" data-settings=\"{&quot;background_background&quot;:&quot;classic&quot;}\">\n\t\t\t\t\t\t\t<div class=\"elementor-background-overlay\"><\/div>\n\t\t\t\t\t\t\t<div class=\"elementor-container elementor-column-gap-default\">\n\t\t\t\t\t<div class=\"elementor-column elementor-col-100 elementor-top-column elementor-element elementor-element-681361dd\" data-id=\"681361dd\" data-element_type=\"column\">\n\t\t\t<div class=\"elementor-widget-wrap elementor-element-populated\">\n\t\t\t\t\t\t<div class=\"elementor-element elementor-element-5a26ce10 elementor-widget elementor-widget-heading\" data-id=\"5a26ce10\" data-element_type=\"widget\" data-widget_type=\"heading.default\">\n\t\t\t\t<div class=\"elementor-widget-container\">\n\t\t\t\t\t<h1 class=\"elementor-heading-title elementor-size-default\">Graduation Ceremonies in Bogot\u00e1<\/h1>\t\t\t\t<\/div>\n\t\t\t\t<\/div>\n\t\t\t\t<div class=\"elementor-element elementor-element-3cbcff7d elementor-align-right elementor-widget elementor-widget-button\" data-id=\"3cbcff7d\" data-element_type=\"widget\" data-widget_type=\"button.default\">\n\t\t\t\t<div class=\"elementor-widget-container\">\n\t\t\t\t\t\t\t\t\t<div class=\"elementor-button-wrapper\">\n\t\t\t\t\t<a class=\"elementor-button elementor-button-link elementor-size-sm elementor-animation-grow\" href=\"http:\/\/wa.link\/k8nv68\" target=\"_blank\">\n\t\t\t\t\t\t<span class=\"elementor-button-content-wrapper\">\n\t\t\t\t\t\t\t\t\t<span class=\"elementor-button-text\">Contac Us<\/span>\n\t\t\t\t\t<\/span>\n\t\t\t\t\t<\/a>\n\t\t\t\t<\/div>\n\t\t\t\t\t\t\t\t<\/div>\n\t\t\t\t<\/div>\n\t\t\t\t\t<\/div>\n\t\t<\/div>\n\t\t\t\t\t<\/div>\n\t\t<\/section>\n\t\t\t\t<section class=\"elementor-section elementor-top-section elementor-element elementor-element-25b017ff elementor-section-content-middle elementor-section-boxed elementor-section-height-default elementor-section-height-default\" data-id=\"25b017ff\" data-element_type=\"section\">\n\t\t\t\t\t\t<div class=\"elementor-container elementor-column-gap-no\">\n\t\t\t\t\t<div class=\"elementor-column elementor-col-100 elementor-top-column elementor-element elementor-element-6783f133\" data-id=\"6783f133\" data-element_type=\"column\">\n\t\t\t<div class=\"elementor-widget-wrap elementor-element-populated\">\n\t\t\t\t\t\t<div class=\"elementor-element elementor-element-3c901423 elementor-widget elementor-widget-heading\" data-id=\"3c901423\" data-element_type=\"widget\" data-widget_type=\"heading.default\">\n\t\t\t\t<div class=\"elementor-widget-container\">\n\t\t\t\t\t<h2 class=\"elementor-heading-title elementor-size-default\">Graduation Receptions in Bogot\u00e1<\/h2>\t\t\t\t<\/div>\n\t\t\t\t<\/div>\n\t\t\t\t<section class=\"elementor-section elementor-inner-section elementor-element elementor-element-7a744975 elementor-section-boxed elementor-section-height-default elementor-section-height-default\" data-id=\"7a744975\" data-element_type=\"section\">\n\t\t\t\t\t\t<div class=\"elementor-container elementor-column-gap-default\">\n\t\t\t\t\t<div class=\"elementor-column elementor-col-50 elementor-inner-column elementor-element elementor-element-27c14dad\" data-id=\"27c14dad\" data-element_type=\"column\">\n\t\t\t<div class=\"elementor-widget-wrap elementor-element-populated\">\n\t\t\t\t\t\t<div class=\"elementor-element elementor-element-6933bfa0 elementor-widget elementor-widget-text-editor\" data-id=\"6933bfa0\" data-element_type=\"widget\" data-widget_type=\"text-editor.default\">\n\t\t\t\t<div class=\"elementor-widget-container\">\n\t\t\t\t\t\t\t\t\tWe give the importance they deserve to official ceremonies where the completion of a school stage, university degree, or other academic milestones is formalized, and therefore they deserve to be celebrated with all the honors they merit.\n<br>\nGraduation is one of the most important moments in a person's life. That's why at Casa de Banquetes L\u00f3pez CBL, we want to be part of that moment and give you the best memory that will last a lifetime.\t\t\t\t\t\t\t\t<\/div>\n\t\t\t\t<\/div>\n\t\t\t\t\t<\/div>\n\t\t<\/div>\n\t\t\t\t<div class=\"elementor-column elementor-col-50 elementor-inner-column elementor-element elementor-element-17353db0\" data-id=\"17353db0\" data-element_type=\"column\">\n\t\t\t<div class=\"elementor-widget-wrap elementor-element-populated\">\n\t\t\t\t\t\t<div class=\"elementor-element elementor-element-71b1c4f elementor-widget elementor-widget-text-editor\" data-id=\"71b1c4f\" data-element_type=\"widget\" data-widget_type=\"text-editor.default\">\n\t\t\t\t<div class=\"elementor-widget-container\">\n\t\t\t\t\t\t\t\t\t<p>Considering that people can have numerous graduation ceremonies depending on how many degrees they pursue, what we do is customize graduation celebrations to meet the graduate's requirements. Generally, the most emotional one is the high school graduation since it represents entering the adult world and, in a sense, leaving childhood behind.<\/p>\t\t\t\t\t\t\t\t<\/div>\n\t\t\t\t<\/div>\n\t\t\t\t\t<\/div>\n\t\t<\/div>\n\t\t\t\t\t<\/div>\n\t\t<\/section>\n\t\t\t\t\t<\/div>\n\t\t<\/div>\n\t\t\t\t\t<\/div>\n\t\t<\/section>\n\t\t\t\t<section class=\"elementor-section elementor-top-section elementor-element elementor-element-dc99f0f elementor-section-content-middle elementor-section-boxed elementor-section-height-default elementor-section-height-default\" data-id=\"dc99f0f\" data-element_type=\"section\">\n\t\t\t\t\t\t<div class=\"elementor-container elementor-column-gap-no\">\n\t\t\t\t\t<div class=\"elementor-column elementor-col-100 elementor-top-column elementor-element elementor-element-4983c74\" data-id=\"4983c74\" data-element_type=\"column\">\n\t\t\t<div class=\"elementor-widget-wrap elementor-element-populated\">\n\t\t\t\t\t\t<div class=\"elementor-element elementor-element-6dd0bf5b elementor-widget elementor-widget-heading\" data-id=\"6dd0bf5b\" data-element_type=\"widget\" data-widget_type=\"heading.default\">\n\t\t\t\t<div class=\"elementor-widget-container\">\n\t\t\t\t\t<h4 class=\"elementor-heading-title elementor-size-default\">What we can create for your graduation<\/h4>\t\t\t\t<\/div>\n\t\t\t\t<\/div>\n\t\t\t\t<div class=\"elementor-element elementor-element-369baef2 gallery-spacing-custom elementor-widget elementor-widget-image-gallery\" data-id=\"369baef2\" data-element_type=\"widget\" data-widget_type=\"image-gallery.default\">\n\t\t\t\t<div class=\"elementor-widget-container\">\n\t\t\t\t\t\t\t<div class=\"elementor-image-gallery\">\n\t\t\t<div id='gallery-1' class='gallery galleryid-40 gallery-columns-3 gallery-size-full'><figure class='gallery-item'>\n\t\t\t<div class='gallery-icon landscape'>\n\t\t\t\t<a data-elementor-open-lightbox=\"yes\" data-elementor-lightbox-slideshow=\"369baef2\" data-elementor-lightbox-title=\"grados en Bogot\u00e1\" data-e-action-hash=\"#elementor-action%3Aaction%3Dlightbox%26settings%3DeyJpZCI6MTI2NSwidXJsIjoiaHR0cHM6XC9cL2Nhc2FkZWJhbnF1ZXRlc2xvcGV6LmNvbVwvd3AtY29udGVudFwvdXBsb2Fkc1wvMjAyMlwvMDNcL2ExMS5wbmciLCJzbGlkZXNob3ciOiIzNjliYWVmMiJ9\" href='https:\/\/casadebanqueteslopez.com\/wp-content\/uploads\/2022\/03\/a11.png'><img fetchpriority=\"high\" decoding=\"async\" width=\"380\" height=\"300\" src=\"https:\/\/casadebanqueteslopez.com\/wp-content\/uploads\/2022\/03\/a11.png\" class=\"attachment-full size-full\" alt=\"grados en Bogot\u00e1\" aria-describedby=\"gallery-1-1265\" srcset=\"https:\/\/casadebanqueteslopez.com\/wp-content\/uploads\/2022\/03\/a11.png 380w, https:\/\/casadebanqueteslopez.com\/wp-content\/uploads\/2022\/03\/a11-300x237.png 300w\" sizes=\"(max-width: 380px) 100vw, 380px\" \/><\/a>\n\t\t\t<\/div>\n\t\t\t\t<figcaption class='wp-caption-text gallery-caption' id='gallery-1-1265'>\n\t\t\t\tBar Service\n\t\t\t\t<\/figcaption><\/figure><figure class='gallery-item'>\n\t\t\t<div class='gallery-icon landscape'>\n\t\t\t\t<a data-elementor-open-lightbox=\"yes\" data-elementor-lightbox-slideshow=\"369baef2\" data-elementor-lightbox-title=\"grados en Bogot\u00e1\" data-e-action-hash=\"#elementor-action%3Aaction%3Dlightbox%26settings%3DeyJpZCI6MTI2NiwidXJsIjoiaHR0cHM6XC9cL2Nhc2FkZWJhbnF1ZXRlc2xvcGV6LmNvbVwvd3AtY29udGVudFwvdXBsb2Fkc1wvMjAyMlwvMDNcL2ExMC5wbmciLCJzbGlkZXNob3ciOiIzNjliYWVmMiJ9\" href='https:\/\/casadebanqueteslopez.com\/wp-content\/uploads\/2022\/03\/a10.png'><img decoding=\"async\" width=\"380\" height=\"300\" src=\"https:\/\/casadebanqueteslopez.com\/wp-content\/uploads\/2022\/03\/a10.png\" class=\"attachment-full size-full\" alt=\"grados en Bogot\u00e1\" srcset=\"https:\/\/casadebanqueteslopez.com\/wp-content\/uploads\/2022\/03\/a10.png 380w, https:\/\/casadebanqueteslopez.com\/wp-content\/uploads\/2022\/03\/a10-300x237.png 300w\" sizes=\"(max-width: 380px) 100vw, 380px\" \/><\/a>\n\t\t\t<\/div><\/figure><figure class='gallery-item'>\n\t\t\t<div class='gallery-icon landscape'>\n\t\t\t\t<a data-elementor-open-lightbox=\"yes\" data-elementor-lightbox-slideshow=\"369baef2\" data-elementor-lightbox-title=\"grados en Bogot\u00e1\" data-e-action-hash=\"#elementor-action%3Aaction%3Dlightbox%26settings%3DeyJpZCI6MTI2NywidXJsIjoiaHR0cHM6XC9cL2Nhc2FkZWJhbnF1ZXRlc2xvcGV6LmNvbVwvd3AtY29udGVudFwvdXBsb2Fkc1wvMjAyMlwvMDNcL2E5LnBuZyIsInNsaWRlc2hvdyI6IjM2OWJhZWYyIn0%3D\" href='https:\/\/casadebanqueteslopez.com\/wp-content\/uploads\/2022\/03\/a9.png'><img decoding=\"async\" width=\"380\" height=\"300\" src=\"https:\/\/casadebanqueteslopez.com\/wp-content\/uploads\/2022\/03\/a9.png\" class=\"attachment-full size-full\" alt=\"grados en Bogot\u00e1\" srcset=\"https:\/\/casadebanqueteslopez.com\/wp-content\/uploads\/2022\/03\/a9.png 380w, https:\/\/casadebanqueteslopez.com\/wp-content\/uploads\/2022\/03\/a9-300x237.png 300w\" sizes=\"(max-width: 380px) 100vw, 380px\" \/><\/a>\n\t\t\t<\/div><\/figure><figure class='gallery-item'>\n\t\t\t<div class='gallery-icon landscape'>\n\t\t\t\t<a data-elementor-open-lightbox=\"yes\" data-elementor-lightbox-slideshow=\"369baef2\" data-elementor-lightbox-title=\"grados en Bogot\u00e1\" data-e-action-hash=\"#elementor-action%3Aaction%3Dlightbox%26settings%3DeyJpZCI6MTI2OCwidXJsIjoiaHR0cHM6XC9cL2Nhc2FkZWJhbnF1ZXRlc2xvcGV6LmNvbVwvd3AtY29udGVudFwvdXBsb2Fkc1wvMjAyMlwvMDNcL2E4LnBuZyIsInNsaWRlc2hvdyI6IjM2OWJhZWYyIn0%3D\" href='https:\/\/casadebanqueteslopez.com\/wp-content\/uploads\/2022\/03\/a8.png'><img loading=\"lazy\" decoding=\"async\" width=\"380\" height=\"300\" src=\"https:\/\/casadebanqueteslopez.com\/wp-content\/uploads\/2022\/03\/a8.png\" class=\"attachment-full size-full\" alt=\"grados en Bogot\u00e1\" aria-describedby=\"gallery-1-1268\" srcset=\"https:\/\/casadebanqueteslopez.com\/wp-content\/uploads\/2022\/03\/a8.png 380w, https:\/\/casadebanqueteslopez.com\/wp-content\/uploads\/2022\/03\/a8-300x237.png 300w\" sizes=\"(max-width: 380px) 100vw, 380px\" \/><\/a>\n\t\t\t<\/div>\n\t\t\t\t<figcaption class='wp-caption-text gallery-caption' id='gallery-1-1268'>\n\t\t\t\tGraduation Receptions\n\t\t\t\t<\/figcaption><\/figure><figure class='gallery-item'>\n\t\t\t<div class='gallery-icon landscape'>\n\t\t\t\t<a data-elementor-open-lightbox=\"yes\" data-elementor-lightbox-slideshow=\"369baef2\" data-elementor-lightbox-title=\"grados en Bogot\u00e1\" data-e-action-hash=\"#elementor-action%3Aaction%3Dlightbox%26settings%3DeyJpZCI6MTI2OSwidXJsIjoiaHR0cHM6XC9cL2Nhc2FkZWJhbnF1ZXRlc2xvcGV6LmNvbVwvd3AtY29udGVudFwvdXBsb2Fkc1wvMjAyMlwvMDNcL2E3LnBuZyIsInNsaWRlc2hvdyI6IjM2OWJhZWYyIn0%3D\" href='https:\/\/casadebanqueteslopez.com\/wp-content\/uploads\/2022\/03\/a7.png'><img loading=\"lazy\" decoding=\"async\" width=\"380\" height=\"300\" src=\"https:\/\/casadebanqueteslopez.com\/wp-content\/uploads\/2022\/03\/a7.png\" class=\"attachment-full size-full\" alt=\"grados en Bogot\u00e1\" srcset=\"https:\/\/casadebanqueteslopez.com\/wp-content\/uploads\/2022\/03\/a7.png 380w, https:\/\/casadebanqueteslopez.com\/wp-content\/uploads\/2022\/03\/a7-300x237.png 300w\" sizes=\"(max-width: 380px) 100vw, 380px\" \/><\/a>\n\t\t\t<\/div><\/figure><figure class='gallery-item'>\n\t\t\t<div class='gallery-icon landscape'>\n\t\t\t\t<a data-elementor-open-lightbox=\"yes\" data-elementor-lightbox-slideshow=\"369baef2\" data-elementor-lightbox-title=\"grados en Bogot\u00e1\" data-e-action-hash=\"#elementor-action%3Aaction%3Dlightbox%26settings%3DeyJpZCI6MTI3MCwidXJsIjoiaHR0cHM6XC9cL2Nhc2FkZWJhbnF1ZXRlc2xvcGV6LmNvbVwvd3AtY29udGVudFwvdXBsb2Fkc1wvMjAyMlwvMDNcL2E2LnBuZyIsInNsaWRlc2hvdyI6IjM2OWJhZWYyIn0%3D\" href='https:\/\/casadebanqueteslopez.com\/wp-content\/uploads\/2022\/03\/a6.png'><img loading=\"lazy\" decoding=\"async\" width=\"380\" height=\"300\" src=\"https:\/\/casadebanqueteslopez.com\/wp-content\/uploads\/2022\/03\/a6.png\" class=\"attachment-full size-full\" alt=\"grados en Bogot\u00e1\" srcset=\"https:\/\/casadebanqueteslopez.com\/wp-content\/uploads\/2022\/03\/a6.png 380w, https:\/\/casadebanqueteslopez.com\/wp-content\/uploads\/2022\/03\/a6-300x237.png 300w\" sizes=\"(max-width: 380px) 100vw, 380px\" \/><\/a>\n\t\t\t<\/div><\/figure>\n\t\t<\/div>\n\t\t<\/div>\n\t\t\t\t\t\t<\/div>\n\t\t\t\t<\/div>\n\t\t\t\t<div class=\"elementor-element elementor-element-b491e32 elementor-align-center elementor-widget elementor-widget-button\" data-id=\"b491e32\" data-element_type=\"widget\" data-widget_type=\"button.default\">\n\t\t\t\t<div class=\"elementor-widget-container\">\n\t\t\t\t\t\t\t\t\t<div class=\"elementor-button-wrapper\">\n\t\t\t\t\t<a class=\"elementor-button elementor-button-link elementor-size-sm elementor-animation-grow\" href=\"http:\/\/wa.link\/k8nv68\" target=\"_blank\">\n\t\t\t\t\t\t<span class=\"elementor-button-content-wrapper\">\n\t\t\t\t\t\t\t\t\t<span class=\"elementor-button-text\">Contac Us<\/span>\n\t\t\t\t\t<\/span>\n\t\t\t\t\t<\/a>\n\t\t\t\t<\/div>\n\t\t\t\t\t\t\t\t<\/div>\n\t\t\t\t<\/div>\n\t\t\t\t\t<\/div>\n\t\t<\/div>\n\t\t\t\t\t<\/div>\n\t\t<\/section>\n\t\t\t\t<\/div>","protected":false},"excerpt":{"rendered":"<p>Grados en Bogot\u00e1 Cont\u00e1ctanos Celebraci\u00f3n de Grados en Bogot\u00e1 Damos la importancia que se merece a los actos o ceremonias oficiales donde se formaliza la finalizaci\u00f3n de una etapa escolar, carrera universitaria, u otros por tanto son merecedores de recibir una celebraci\u00f3n con todos los honores que se merecen. La graduaci\u00f3n es uno de los &hellip;<\/p>\n<p class=\"read-more\"> <a class=\"\" href=\"https:\/\/casadebanqueteslopez.com\/en\/grados\/\"> <span class=\"screen-reader-text\">Graduatios<\/span> Read More &raquo;<\/a><\/p>","protected":false},"author":1,"featured_media":0,"parent":0,"menu_order":0,"comment_status":"closed","ping_status":"closed","template":"","meta":{"site-sidebar-layout":"no-sidebar","site-content-layout":"page-builder","ast-main-header-display":"","ast-hfb-above-header-display":"","ast-hfb-below-header-display":"","ast-hfb-mobile-header-display":"","site-post-title":"disabled","ast-breadcrumbs-content":"","ast-featured-img":"disabled","footer-sml-layout":"","theme-transparent-header-meta":"","adv-header-id-meta":"","stick-header-meta":"","header-above-stick-meta":"","header-main-stick-meta":"","header-below-stick-meta":"","_joinchat":[],"footnotes":""},"class_list":["post-40","page","type-page","status-publish","hentry"],"yoast_head":"<!-- This site is optimized with the Yoast SEO plugin v25.4 - https:\/\/yoast.com\/wordpress\/plugins\/seo\/ -->\n<title>Grados - Casa de banquetes<\/title>\n<meta name=\"robots\" content=\"index, follow, max-snippet:-1, max-image-preview:large, max-video-preview:-1\" \/>\n<link rel=\"canonical\" href=\"https:\/\/casadebanqueteslopez.com\/en\/grados\/\" \/>\n<meta property=\"og:locale\" content=\"en_US\" \/>\n<meta property=\"og:type\" content=\"article\" \/>\n<meta property=\"og:title\" content=\"Grados - Casa de banquetes\" \/>\n<meta property=\"og:description\" content=\"Grados en Bogot\u00e1 Cont\u00e1ctanos Celebraci\u00f3n de Grados en Bogot\u00e1 Damos la importancia que se merece a los actos o ceremonias oficiales donde se formaliza la finalizaci\u00f3n de una etapa escolar, carrera universitaria, u otros por tanto son merecedores de recibir una celebraci\u00f3n con todos los honores que se merecen. La graduaci\u00f3n es uno de los &hellip; Grados Read More &raquo;\" \/>\n<meta property=\"og:url\" content=\"https:\/\/casadebanqueteslopez.com\/en\/grados\/\" \/>\n<meta property=\"og:site_name\" content=\"Casa de banquetes\" \/>\n<meta property=\"article:modified_time\" content=\"2022-03-23T16:38:21+00:00\" \/>\n<meta property=\"og:image\" content=\"https:\/\/casadebanqueteslopez.com\/wp-content\/uploads\/2022\/03\/a11.png\" \/>\n<meta name=\"twitter:card\" content=\"summary_large_image\" \/>\n<meta name=\"twitter:label1\" content=\"Est. reading time\" \/>\n\t<meta name=\"twitter:data1\" content=\"1 minute\" \/>\n<script type=\"application\/ld+json\" class=\"yoast-schema-graph\">{\"@context\":\"https:\/\/schema.org\",\"@graph\":[{\"@type\":\"WebPage\",\"@id\":\"https:\/\/casadebanqueteslopez.com\/grados\/\",\"url\":\"https:\/\/casadebanqueteslopez.com\/grados\/\",\"name\":\"Grados - Casa de banquetes\",\"isPartOf\":{\"@id\":\"https:\/\/casadebanqueteslopez.com\/#website\"},\"primaryImageOfPage\":{\"@id\":\"https:\/\/casadebanqueteslopez.com\/grados\/#primaryimage\"},\"image\":{\"@id\":\"https:\/\/casadebanqueteslopez.com\/grados\/#primaryimage\"},\"thumbnailUrl\":\"https:\/\/casadebanqueteslopez.com\/wp-content\/uploads\/2022\/03\/a11.png\",\"datePublished\":\"2022-02-24T20:50:13+00:00\",\"dateModified\":\"2022-03-23T16:38:21+00:00\",\"breadcrumb\":{\"@id\":\"https:\/\/casadebanqueteslopez.com\/grados\/#breadcrumb\"},\"inLanguage\":\"en-US\",\"potentialAction\":[{\"@type\":\"ReadAction\",\"target\":[\"https:\/\/casadebanqueteslopez.com\/grados\/\"]}]},{\"@type\":\"ImageObject\",\"inLanguage\":\"en-US\",\"@id\":\"https:\/\/casadebanqueteslopez.com\/grados\/#primaryimage\",\"url\":\"https:\/\/casadebanqueteslopez.com\/wp-content\/uploads\/2022\/03\/a11.png\",\"contentUrl\":\"https:\/\/casadebanqueteslopez.com\/wp-content\/uploads\/2022\/03\/a11.png\"},{\"@type\":\"BreadcrumbList\",\"@id\":\"https:\/\/casadebanqueteslopez.com\/grados\/#breadcrumb\",\"itemListElement\":[{\"@type\":\"ListItem\",\"position\":1,\"name\":\"Portada\",\"item\":\"https:\/\/casadebanqueteslopez.com\/\"},{\"@type\":\"ListItem\",\"position\":2,\"name\":\"Grados\"}]},{\"@type\":\"WebSite\",\"@id\":\"https:\/\/casadebanqueteslopez.com\/#website\",\"url\":\"https:\/\/casadebanqueteslopez.com\/\",\"name\":\"Casa de banquetes\",\"description\":\"Casa de banquetes en bogot\u00e1\",\"potentialAction\":[{\"@type\":\"SearchAction\",\"target\":{\"@type\":\"EntryPoint\",\"urlTemplate\":\"https:\/\/casadebanqueteslopez.com\/?s={search_term_string}\"},\"query-input\":{\"@type\":\"PropertyValueSpecification\",\"valueRequired\":true,\"valueName\":\"search_term_string\"}}],\"inLanguage\":\"en-US\"}]}<\/script>\n<!-- \/ Yoast SEO plugin. -->","yoast_head_json":{"title":"Grados - Casa de banquetes","robots":{"index":"index","follow":"follow","max-snippet":"max-snippet:-1","max-image-preview":"max-image-preview:large","max-video-preview":"max-video-preview:-1"},"canonical":"https:\/\/casadebanqueteslopez.com\/en\/grados\/","og_locale":"en_US","og_type":"article","og_title":"Grados - Casa de banquetes","og_description":"Grados en Bogot\u00e1 Cont\u00e1ctanos Celebraci\u00f3n de Grados en Bogot\u00e1 Damos la importancia que se merece a los actos o ceremonias oficiales donde se formaliza la finalizaci\u00f3n de una etapa escolar, carrera universitaria, u otros por tanto son merecedores de recibir una celebraci\u00f3n con todos los honores que se merecen. La graduaci\u00f3n es uno de los &hellip; Grados Read More &raquo;","og_url":"https:\/\/casadebanqueteslopez.com\/en\/grados\/","og_site_name":"Casa de banquetes","article_modified_time":"2022-03-23T16:38:21+00:00","og_image":[{"url":"https:\/\/casadebanqueteslopez.com\/wp-content\/uploads\/2022\/03\/a11.png","type":"","width":"","height":""}],"twitter_card":"summary_large_image","twitter_misc":{"Est. reading time":"1 minute"},"schema":{"@context":"https:\/\/schema.org","@graph":[{"@type":"WebPage","@id":"https:\/\/casadebanqueteslopez.com\/grados\/","url":"https:\/\/casadebanqueteslopez.com\/grados\/","name":"Grados - Casa de banquetes","isPartOf":{"@id":"https:\/\/casadebanqueteslopez.com\/#website"},"primaryImageOfPage":{"@id":"https:\/\/casadebanqueteslopez.com\/grados\/#primaryimage"},"image":{"@id":"https:\/\/casadebanqueteslopez.com\/grados\/#primaryimage"},"thumbnailUrl":"https:\/\/casadebanqueteslopez.com\/wp-content\/uploads\/2022\/03\/a11.png","datePublished":"2022-02-24T20:50:13+00:00","dateModified":"2022-03-23T16:38:21+00:00","breadcrumb":{"@id":"https:\/\/casadebanqueteslopez.com\/grados\/#breadcrumb"},"inLanguage":"en-US","potentialAction":[{"@type":"ReadAction","target":["https:\/\/casadebanqueteslopez.com\/grados\/"]}]},{"@type":"ImageObject","inLanguage":"en-US","@id":"https:\/\/casadebanqueteslopez.com\/grados\/#primaryimage","url":"https:\/\/casadebanqueteslopez.com\/wp-content\/uploads\/2022\/03\/a11.png","contentUrl":"https:\/\/casadebanqueteslopez.com\/wp-content\/uploads\/2022\/03\/a11.png"},{"@type":"BreadcrumbList","@id":"https:\/\/casadebanqueteslopez.com\/grados\/#breadcrumb","itemListElement":[{"@type":"ListItem","position":1,"name":"Portada","item":"https:\/\/casadebanqueteslopez.com\/"},{"@type":"ListItem","position":2,"name":"Grados"}]},{"@type":"WebSite","@id":"https:\/\/casadebanqueteslopez.com\/#website","url":"https:\/\/casadebanqueteslopez.com\/","name":"Casa de banquetes","description":"Casa de banquetes en bogot\u00e1","potentialAction":[{"@type":"SearchAction","target":{"@type":"EntryPoint","urlTemplate":"https:\/\/casadebanqueteslopez.com\/?s={search_term_string}"},"query-input":{"@type":"PropertyValueSpecification","valueRequired":true,"valueName":"search_term_string"}}],"inLanguage":"en-US"}]}},"_links":{"self":[{"href":"https:\/\/casadebanqueteslopez.com\/en\/wp-json\/wp\/v2\/pages\/40","targetHints":{"allow":["GET"]}}],"collection":[{"href":"https:\/\/casadebanqueteslopez.com\/en\/wp-json\/wp\/v2\/pages"}],"about":[{"href":"https:\/\/casadebanqueteslopez.com\/en\/wp-json\/wp\/v2\/types\/page"}],"author":[{"embeddable":true,"href":"https:\/\/casadebanqueteslopez.com\/en\/wp-json\/wp\/v2\/users\/1"}],"replies":[{"embeddable":true,"href":"https:\/\/casadebanqueteslopez.com\/en\/wp-json\/wp\/v2\/comments?post=40"}],"version-history":[{"count":73,"href":"https:\/\/casadebanqueteslopez.com\/en\/wp-json\/wp\/v2\/pages\/40\/revisions"}],"predecessor-version":[{"id":2071,"href":"https:\/\/casadebanqueteslopez.com\/en\/wp-json\/wp\/v2\/pages\/40\/revisions\/2071"}],"wp:attachment":[{"href":"https:\/\/casadebanqueteslopez.com\/en\/wp-json\/wp\/v2\/media?parent=40"}],"curies":[{"name":"wp","href":"https:\/\/api.w.org\/{rel}","templated":true}]}}