{"id":38,"date":"2022-02-24T20:49:53","date_gmt":"2022-02-24T20:49:53","guid":{"rendered":"https:\/\/casadebanqueteslopez.com\/?page_id=38"},"modified":"2022-04-08T21:36:16","modified_gmt":"2022-04-08T21:36:16","slug":"primera-comunion","status":"publish","type":"page","link":"https:\/\/casadebanqueteslopez.com\/en\/primera-comunion\/","title":{"rendered":"First Communion"},"content":{"rendered":"<div data-elementor-type=\"wp-page\" data-elementor-id=\"38\" class=\"elementor elementor-38\" data-elementor-post-type=\"page\">\n\t\t\t\t\t\t<section class=\"elementor-section elementor-top-section elementor-element elementor-element-4f0a29c5 elementor-section-height-min-height elementor-section-content-middle elementor-section-boxed elementor-section-height-default elementor-section-items-middle\" data-id=\"4f0a29c5\" data-element_type=\"section\" data-settings=\"{&quot;background_background&quot;:&quot;classic&quot;}\">\n\t\t\t\t\t\t\t<div class=\"elementor-background-overlay\"><\/div>\n\t\t\t\t\t\t\t<div class=\"elementor-container elementor-column-gap-default\">\n\t\t\t\t\t<div class=\"elementor-column elementor-col-100 elementor-top-column elementor-element elementor-element-8baad66\" data-id=\"8baad66\" data-element_type=\"column\">\n\t\t\t<div class=\"elementor-widget-wrap elementor-element-populated\">\n\t\t\t\t\t\t<div class=\"elementor-element elementor-element-4d621a14 elementor-widget elementor-widget-heading\" data-id=\"4d621a14\" data-element_type=\"widget\" data-widget_type=\"heading.default\">\n\t\t\t\t<div class=\"elementor-widget-container\">\n\t\t\t\t\t<h1 class=\"elementor-heading-title elementor-size-default\">Celebraci\u00f3n de<br> First Communion<\/h1>\t\t\t\t<\/div>\n\t\t\t\t<\/div>\n\t\t\t\t<div class=\"elementor-element elementor-element-4ece7e37 elementor-widget elementor-widget-button\" data-id=\"4ece7e37\" data-element_type=\"widget\" data-widget_type=\"button.default\">\n\t\t\t\t<div class=\"elementor-widget-container\">\n\t\t\t\t\t\t\t\t\t<div class=\"elementor-button-wrapper\">\n\t\t\t\t\t<a class=\"elementor-button elementor-button-link elementor-size-sm elementor-animation-grow\" href=\"http:\/\/wa.link\/k8nv68\" target=\"_blank\">\n\t\t\t\t\t\t<span class=\"elementor-button-content-wrapper\">\n\t\t\t\t\t\t\t\t\t<span class=\"elementor-button-text\">Contac Us<\/span>\n\t\t\t\t\t<\/span>\n\t\t\t\t\t<\/a>\n\t\t\t\t<\/div>\n\t\t\t\t\t\t\t\t<\/div>\n\t\t\t\t<\/div>\n\t\t\t\t\t<\/div>\n\t\t<\/div>\n\t\t\t\t\t<\/div>\n\t\t<\/section>\n\t\t\t\t<section class=\"elementor-section elementor-top-section elementor-element elementor-element-6284f097 elementor-section-content-middle elementor-section-boxed elementor-section-height-default elementor-section-height-default\" data-id=\"6284f097\" data-element_type=\"section\" data-settings=\"{&quot;background_background&quot;:&quot;classic&quot;}\">\n\t\t\t\t\t\t<div class=\"elementor-container elementor-column-gap-no\">\n\t\t\t\t\t<div class=\"elementor-column elementor-col-100 elementor-top-column elementor-element elementor-element-7c74e037\" data-id=\"7c74e037\" data-element_type=\"column\">\n\t\t\t<div class=\"elementor-widget-wrap elementor-element-populated\">\n\t\t\t\t\t\t<div class=\"elementor-element elementor-element-6a78c456 elementor-widget elementor-widget-heading\" data-id=\"6a78c456\" data-element_type=\"widget\" data-widget_type=\"heading.default\">\n\t\t\t\t<div class=\"elementor-widget-container\">\n\t\t\t\t\t<h4 class=\"elementor-heading-title elementor-size-default\">Events<\/h4>\t\t\t\t<\/div>\n\t\t\t\t<\/div>\n\t\t\t\t<section class=\"elementor-section elementor-inner-section elementor-element elementor-element-6aae2092 elementor-section-content-middle elementor-section-boxed elementor-section-height-default elementor-section-height-default\" data-id=\"6aae2092\" data-element_type=\"section\">\n\t\t\t\t\t\t<div class=\"elementor-container elementor-column-gap-no\">\n\t\t\t\t\t<div class=\"elementor-column elementor-col-33 elementor-inner-column elementor-element elementor-element-72283d6a\" data-id=\"72283d6a\" data-element_type=\"column\">\n\t\t\t<div class=\"elementor-widget-wrap elementor-element-populated\">\n\t\t\t\t\t\t<div class=\"elementor-element elementor-element-732dd48a elementor-widget elementor-widget-image\" data-id=\"732dd48a\" data-element_type=\"widget\" data-widget_type=\"image.default\">\n\t\t\t\t<div class=\"elementor-widget-container\">\n\t\t\t\t\t\t\t\t\t\t\t\t\t\t\t<img fetchpriority=\"high\" decoding=\"async\" width=\"390\" height=\"390\" src=\"https:\/\/casadebanqueteslopez.com\/wp-content\/uploads\/2022\/03\/a4.png\" class=\"attachment-full size-full wp-image-1142\" alt=\"celebraci\u00f3n de primera comuni\u00f3n en Bogot\u00e1\" srcset=\"https:\/\/casadebanqueteslopez.com\/wp-content\/uploads\/2022\/03\/a4.png 390w, https:\/\/casadebanqueteslopez.com\/wp-content\/uploads\/2022\/03\/a4-300x300.png 300w, https:\/\/casadebanqueteslopez.com\/wp-content\/uploads\/2022\/03\/a4-150x150.png 150w\" sizes=\"(max-width: 390px) 100vw, 390px\" \/>\t\t\t\t\t\t\t\t\t\t\t\t\t\t\t<\/div>\n\t\t\t\t<\/div>\n\t\t\t\t\t<\/div>\n\t\t<\/div>\n\t\t\t\t<div class=\"elementor-column elementor-col-33 elementor-inner-column elementor-element elementor-element-39fe9908\" data-id=\"39fe9908\" data-element_type=\"column\">\n\t\t\t<div class=\"elementor-widget-wrap elementor-element-populated\">\n\t\t\t\t\t\t<div class=\"elementor-element elementor-element-21e7edab elementor-widget elementor-widget-heading\" data-id=\"21e7edab\" data-element_type=\"widget\" data-widget_type=\"heading.default\">\n\t\t\t\t<div class=\"elementor-widget-container\">\n\t\t\t\t\t<h6 class=\"elementor-heading-title elementor-size-default\">We are aware of the importance of such a significant event where young people participate in the Sacrament of the Eucharist for the first time. <\/h6>\t\t\t\t<\/div>\n\t\t\t\t<\/div>\n\t\t\t\t\t<\/div>\n\t\t<\/div>\n\t\t\t\t<div class=\"elementor-column elementor-col-33 elementor-inner-column elementor-element elementor-element-5787e209\" data-id=\"5787e209\" data-element_type=\"column\">\n\t\t\t<div class=\"elementor-widget-wrap elementor-element-populated\">\n\t\t\t\t\t\t<div class=\"elementor-element elementor-element-64c7d907 elementor-widget elementor-widget-image\" data-id=\"64c7d907\" data-element_type=\"widget\" data-widget_type=\"image.default\">\n\t\t\t\t<div class=\"elementor-widget-container\">\n\t\t\t\t\t\t\t\t\t\t\t\t\t\t\t<img decoding=\"async\" width=\"390\" height=\"390\" src=\"https:\/\/casadebanqueteslopez.com\/wp-content\/uploads\/2022\/03\/a3.png\" class=\"attachment-full size-full wp-image-1141\" alt=\"celebraci\u00f3n de primera comuni\u00f3n en Bogot\u00e1\" srcset=\"https:\/\/casadebanqueteslopez.com\/wp-content\/uploads\/2022\/03\/a3.png 390w, https:\/\/casadebanqueteslopez.com\/wp-content\/uploads\/2022\/03\/a3-300x300.png 300w, https:\/\/casadebanqueteslopez.com\/wp-content\/uploads\/2022\/03\/a3-150x150.png 150w\" sizes=\"(max-width: 390px) 100vw, 390px\" \/>\t\t\t\t\t\t\t\t\t\t\t\t\t\t\t<\/div>\n\t\t\t\t<\/div>\n\t\t\t\t\t<\/div>\n\t\t<\/div>\n\t\t\t\t\t<\/div>\n\t\t<\/section>\n\t\t\t\t<section class=\"elementor-section elementor-inner-section elementor-element elementor-element-136c989d elementor-section-content-middle elementor-section-boxed elementor-section-height-default elementor-section-height-default\" data-id=\"136c989d\" data-element_type=\"section\">\n\t\t\t\t\t\t<div class=\"elementor-container elementor-column-gap-no\">\n\t\t\t\t\t<div class=\"elementor-column elementor-col-33 elementor-inner-column elementor-element elementor-element-508c85fc\" data-id=\"508c85fc\" data-element_type=\"column\">\n\t\t\t<div class=\"elementor-widget-wrap elementor-element-populated\">\n\t\t\t\t\t\t<div class=\"elementor-element elementor-element-6413a57 elementor-widget elementor-widget-heading\" data-id=\"6413a57\" data-element_type=\"widget\" data-widget_type=\"heading.default\">\n\t\t\t\t<div class=\"elementor-widget-container\">\n\t\t\t\t\t<h6 class=\"elementor-heading-title elementor-size-default\">The goal at Casa de Banquetes L\u00f3pez is for children to understand that this event is synonymous with joy, reflecting this celebration with great respect.<\/h6>\t\t\t\t<\/div>\n\t\t\t\t<\/div>\n\t\t\t\t\t<\/div>\n\t\t<\/div>\n\t\t\t\t<div class=\"elementor-column elementor-col-33 elementor-inner-column elementor-element elementor-element-3e3676f8\" data-id=\"3e3676f8\" data-element_type=\"column\">\n\t\t\t<div class=\"elementor-widget-wrap elementor-element-populated\">\n\t\t\t\t\t\t<div class=\"elementor-element elementor-element-5915c5f elementor-widget elementor-widget-image\" data-id=\"5915c5f\" data-element_type=\"widget\" data-widget_type=\"image.default\">\n\t\t\t\t<div class=\"elementor-widget-container\">\n\t\t\t\t\t\t\t\t\t\t\t\t\t\t\t<img decoding=\"async\" width=\"390\" height=\"390\" src=\"https:\/\/casadebanqueteslopez.com\/wp-content\/uploads\/2022\/03\/a2.png\" class=\"attachment-full size-full wp-image-1143\" alt=\"celebraci\u00f3n de primera comuni\u00f3n en Bogot\u00e1\" srcset=\"https:\/\/casadebanqueteslopez.com\/wp-content\/uploads\/2022\/03\/a2.png 390w, https:\/\/casadebanqueteslopez.com\/wp-content\/uploads\/2022\/03\/a2-300x300.png 300w, https:\/\/casadebanqueteslopez.com\/wp-content\/uploads\/2022\/03\/a2-150x150.png 150w\" sizes=\"(max-width: 390px) 100vw, 390px\" \/>\t\t\t\t\t\t\t\t\t\t\t\t\t\t\t<\/div>\n\t\t\t\t<\/div>\n\t\t\t\t\t<\/div>\n\t\t<\/div>\n\t\t\t\t<div class=\"elementor-column elementor-col-33 elementor-inner-column elementor-element elementor-element-1e3363cf\" data-id=\"1e3363cf\" data-element_type=\"column\">\n\t\t\t<div class=\"elementor-widget-wrap elementor-element-populated\">\n\t\t\t\t\t\t<div class=\"elementor-element elementor-element-4ab0a464 elementor-widget elementor-widget-heading\" data-id=\"4ab0a464\" data-element_type=\"widget\" data-widget_type=\"heading.default\">\n\t\t\t\t<div class=\"elementor-widget-container\">\n\t\t\t\t\t<h6 class=\"elementor-heading-title elementor-size-default\">Give us the opportunity to handle the logistics of your event. We always provide the best experience for our clients while keeping in mind the type of occasion you're celebrating. <\/h6>\t\t\t\t<\/div>\n\t\t\t\t<\/div>\n\t\t\t\t\t<\/div>\n\t\t<\/div>\n\t\t\t\t\t<\/div>\n\t\t<\/section>\n\t\t\t\t\t<\/div>\n\t\t<\/div>\n\t\t\t\t\t<\/div>\n\t\t<\/section>\n\t\t\t\t<section class=\"elementor-section elementor-top-section elementor-element elementor-element-21413d48 elementor-section-content-middle elementor-section-boxed elementor-section-height-default elementor-section-height-default\" data-id=\"21413d48\" data-element_type=\"section\">\n\t\t\t\t\t\t<div class=\"elementor-container elementor-column-gap-no\">\n\t\t\t\t\t<div class=\"elementor-column elementor-col-100 elementor-top-column elementor-element elementor-element-d995f32\" data-id=\"d995f32\" data-element_type=\"column\">\n\t\t\t<div class=\"elementor-widget-wrap elementor-element-populated\">\n\t\t\t\t\t\t<div class=\"elementor-element elementor-element-b759b75 gallery-spacing-custom elementor-widget elementor-widget-image-gallery\" data-id=\"b759b75\" data-element_type=\"widget\" data-widget_type=\"image-gallery.default\">\n\t\t\t\t<div class=\"elementor-widget-container\">\n\t\t\t\t\t\t\t<div class=\"elementor-image-gallery\">\n\t\t\t<div id='gallery-1' class='gallery galleryid-38 gallery-columns-2 gallery-size-full'><figure class='gallery-item'>\n\t\t\t<div class='gallery-icon landscape'>\n\t\t\t\t<a data-elementor-open-lightbox=\"yes\" data-elementor-lightbox-slideshow=\"b759b75\" data-elementor-lightbox-title=\"Casa de eventos en Bogot\u00e1\" data-e-action-hash=\"#elementor-action%3Aaction%3Dlightbox%26settings%3DeyJpZCI6MjIxNywidXJsIjoiaHR0cHM6XC9cL2Nhc2FkZWJhbnF1ZXRlc2xvcGV6LmNvbVwvd3AtY29udGVudFwvdXBsb2Fkc1wvMjAyMlwvMDRcL2ExMTUucG5nIiwic2xpZGVzaG93IjoiYjc1OWI3NSJ9\" href='https:\/\/casadebanqueteslopez.com\/wp-content\/uploads\/2022\/04\/a115.png'><img loading=\"lazy\" decoding=\"async\" width=\"940\" height=\"425\" src=\"https:\/\/casadebanqueteslopez.com\/wp-content\/uploads\/2022\/04\/a115.png\" class=\"attachment-full size-full\" alt=\"Casa de eventos en Bogot\u00e1\" aria-describedby=\"gallery-1-2217\" srcset=\"https:\/\/casadebanqueteslopez.com\/wp-content\/uploads\/2022\/04\/a115.png 940w, https:\/\/casadebanqueteslopez.com\/wp-content\/uploads\/2022\/04\/a115-300x136.png 300w, https:\/\/casadebanqueteslopez.com\/wp-content\/uploads\/2022\/04\/a115-768x347.png 768w\" sizes=\"(max-width: 940px) 100vw, 940px\" \/><\/a>\n\t\t\t<\/div>\n\t\t\t\t<figcaption class='wp-caption-text gallery-caption' id='gallery-1-2217'>\n\t\t\t\tBalloon Decorations\n\t\t\t\t<\/figcaption><\/figure><figure class='gallery-item'>\n\t\t\t<div class='gallery-icon landscape'>\n\t\t\t\t<a data-elementor-open-lightbox=\"yes\" data-elementor-lightbox-slideshow=\"b759b75\" data-elementor-lightbox-title=\"Casa de eventos en Bogot\u00e1\" data-e-action-hash=\"#elementor-action%3Aaction%3Dlightbox%26settings%3DeyJpZCI6MjIxOCwidXJsIjoiaHR0cHM6XC9cL2Nhc2FkZWJhbnF1ZXRlc2xvcGV6LmNvbVwvd3AtY29udGVudFwvdXBsb2Fkc1wvMjAyMlwvMDRcL2ExMTYucG5nIiwic2xpZGVzaG93IjoiYjc1OWI3NSJ9\" href='https:\/\/casadebanqueteslopez.com\/wp-content\/uploads\/2022\/04\/a116.png'><img loading=\"lazy\" decoding=\"async\" width=\"940\" height=\"425\" src=\"https:\/\/casadebanqueteslopez.com\/wp-content\/uploads\/2022\/04\/a116.png\" class=\"attachment-full size-full\" alt=\"Casa de eventos en Bogot\u00e1\" srcset=\"https:\/\/casadebanqueteslopez.com\/wp-content\/uploads\/2022\/04\/a116.png 940w, https:\/\/casadebanqueteslopez.com\/wp-content\/uploads\/2022\/04\/a116-300x136.png 300w, https:\/\/casadebanqueteslopez.com\/wp-content\/uploads\/2022\/04\/a116-768x347.png 768w\" sizes=\"(max-width: 940px) 100vw, 940px\" \/><\/a>\n\t\t\t<\/div><\/figure>\n\t\t<\/div>\n\t\t<\/div>\n\t\t\t\t\t\t<\/div>\n\t\t\t\t<\/div>\n\t\t\t\t<div class=\"elementor-element elementor-element-d4b4093 elementor-align-center elementor-widget elementor-widget-button\" data-id=\"d4b4093\" data-element_type=\"widget\" data-widget_type=\"button.default\">\n\t\t\t\t<div class=\"elementor-widget-container\">\n\t\t\t\t\t\t\t\t\t<div class=\"elementor-button-wrapper\">\n\t\t\t\t\t<a class=\"elementor-button elementor-button-link elementor-size-sm elementor-animation-grow\" href=\"#\">\n\t\t\t\t\t\t<span class=\"elementor-button-content-wrapper\">\n\t\t\t\t\t\t\t\t\t<span class=\"elementor-button-text\">Contact us<\/span>\n\t\t\t\t\t<\/span>\n\t\t\t\t\t<\/a>\n\t\t\t\t<\/div>\n\t\t\t\t\t\t\t\t<\/div>\n\t\t\t\t<\/div>\n\t\t\t\t\t<\/div>\n\t\t<\/div>\n\t\t\t\t\t<\/div>\n\t\t<\/section>\n\t\t\t\t<\/div>","protected":false},"excerpt":{"rendered":"<p>Celebraci\u00f3n de Primera Comuni\u00f3n Cont\u00e1ctanos Eventos de Celebraci\u00f3n Somos consientes de la importancia en un evento de tal categor\u00eda en la que los jovencitos participan por primera vez en el Sacramento de la Eucarist\u00eda El objetivo en Casa de Banquetes L\u00f3pez es que los ni\u00f1os sean consientes que este evento es sin\u00f3nimo de alegr\u00eda reflejando &hellip;<\/p>\n<p class=\"read-more\"> <a class=\"\" href=\"https:\/\/casadebanqueteslopez.com\/en\/primera-comunion\/\"> <span class=\"screen-reader-text\">First Communion<\/span> Read More &raquo;<\/a><\/p>","protected":false},"author":1,"featured_media":0,"parent":0,"menu_order":0,"comment_status":"closed","ping_status":"closed","template":"","meta":{"site-sidebar-layout":"no-sidebar","site-content-layout":"page-builder","ast-main-header-display":"","ast-hfb-above-header-display":"","ast-hfb-below-header-display":"","ast-hfb-mobile-header-display":"","site-post-title":"disabled","ast-breadcrumbs-content":"","ast-featured-img":"disabled","footer-sml-layout":"","theme-transparent-header-meta":"","adv-header-id-meta":"","stick-header-meta":"","header-above-stick-meta":"","header-main-stick-meta":"","header-below-stick-meta":"","_joinchat":[],"footnotes":""},"class_list":["post-38","page","type-page","status-publish","hentry"],"yoast_head":"<!-- This site is optimized with the Yoast SEO plugin v25.4 - https:\/\/yoast.com\/wordpress\/plugins\/seo\/ -->\n<title>Primera Comuni\u00f3n - Casa de banquetes<\/title>\n<meta name=\"robots\" content=\"index, follow, max-snippet:-1, max-image-preview:large, max-video-preview:-1\" \/>\n<link rel=\"canonical\" href=\"https:\/\/casadebanqueteslopez.com\/en\/primera-comunion\/\" \/>\n<meta property=\"og:locale\" content=\"en_US\" \/>\n<meta property=\"og:type\" content=\"article\" \/>\n<meta property=\"og:title\" content=\"Primera Comuni\u00f3n - Casa de banquetes\" \/>\n<meta property=\"og:description\" content=\"Celebraci\u00f3n de Primera Comuni\u00f3n Cont\u00e1ctanos Eventos de Celebraci\u00f3n Somos consientes de la importancia en un evento de tal categor\u00eda en la que los jovencitos participan por primera vez en el Sacramento de la Eucarist\u00eda El objetivo en Casa de Banquetes L\u00f3pez es que los ni\u00f1os sean consientes que este evento es sin\u00f3nimo de alegr\u00eda reflejando &hellip; Primera Comuni\u00f3n Read More &raquo;\" \/>\n<meta property=\"og:url\" content=\"https:\/\/casadebanqueteslopez.com\/en\/primera-comunion\/\" \/>\n<meta property=\"og:site_name\" content=\"Casa de banquetes\" \/>\n<meta property=\"article:modified_time\" content=\"2022-04-08T21:36:16+00:00\" \/>\n<meta property=\"og:image\" content=\"https:\/\/casadebanqueteslopez.com\/wp-content\/uploads\/2022\/03\/a4.png\" \/>\n<meta name=\"twitter:card\" content=\"summary_large_image\" \/>\n<meta name=\"twitter:label1\" content=\"Est. reading time\" \/>\n\t<meta name=\"twitter:data1\" content=\"1 minute\" \/>\n<script type=\"application\/ld+json\" class=\"yoast-schema-graph\">{\"@context\":\"https:\/\/schema.org\",\"@graph\":[{\"@type\":\"WebPage\",\"@id\":\"https:\/\/casadebanqueteslopez.com\/primera-comunion\/\",\"url\":\"https:\/\/casadebanqueteslopez.com\/primera-comunion\/\",\"name\":\"Primera Comuni\u00f3n - Casa de banquetes\",\"isPartOf\":{\"@id\":\"https:\/\/casadebanqueteslopez.com\/#website\"},\"primaryImageOfPage\":{\"@id\":\"https:\/\/casadebanqueteslopez.com\/primera-comunion\/#primaryimage\"},\"image\":{\"@id\":\"https:\/\/casadebanqueteslopez.com\/primera-comunion\/#primaryimage\"},\"thumbnailUrl\":\"https:\/\/casadebanqueteslopez.com\/wp-content\/uploads\/2022\/03\/a4.png\",\"datePublished\":\"2022-02-24T20:49:53+00:00\",\"dateModified\":\"2022-04-08T21:36:16+00:00\",\"breadcrumb\":{\"@id\":\"https:\/\/casadebanqueteslopez.com\/primera-comunion\/#breadcrumb\"},\"inLanguage\":\"en-US\",\"potentialAction\":[{\"@type\":\"ReadAction\",\"target\":[\"https:\/\/casadebanqueteslopez.com\/primera-comunion\/\"]}]},{\"@type\":\"ImageObject\",\"inLanguage\":\"en-US\",\"@id\":\"https:\/\/casadebanqueteslopez.com\/primera-comunion\/#primaryimage\",\"url\":\"https:\/\/casadebanqueteslopez.com\/wp-content\/uploads\/2022\/03\/a4.png\",\"contentUrl\":\"https:\/\/casadebanqueteslopez.com\/wp-content\/uploads\/2022\/03\/a4.png\"},{\"@type\":\"BreadcrumbList\",\"@id\":\"https:\/\/casadebanqueteslopez.com\/primera-comunion\/#breadcrumb\",\"itemListElement\":[{\"@type\":\"ListItem\",\"position\":1,\"name\":\"Portada\",\"item\":\"https:\/\/casadebanqueteslopez.com\/\"},{\"@type\":\"ListItem\",\"position\":2,\"name\":\"Primera Comuni\u00f3n\"}]},{\"@type\":\"WebSite\",\"@id\":\"https:\/\/casadebanqueteslopez.com\/#website\",\"url\":\"https:\/\/casadebanqueteslopez.com\/\",\"name\":\"Casa de banquetes\",\"description\":\"Casa de banquetes en bogot\u00e1\",\"potentialAction\":[{\"@type\":\"SearchAction\",\"target\":{\"@type\":\"EntryPoint\",\"urlTemplate\":\"https:\/\/casadebanqueteslopez.com\/?s={search_term_string}\"},\"query-input\":{\"@type\":\"PropertyValueSpecification\",\"valueRequired\":true,\"valueName\":\"search_term_string\"}}],\"inLanguage\":\"en-US\"}]}<\/script>\n<!-- \/ Yoast SEO plugin. -->","yoast_head_json":{"title":"Primera Comuni\u00f3n - Casa de banquetes","robots":{"index":"index","follow":"follow","max-snippet":"max-snippet:-1","max-image-preview":"max-image-preview:large","max-video-preview":"max-video-preview:-1"},"canonical":"https:\/\/casadebanqueteslopez.com\/en\/primera-comunion\/","og_locale":"en_US","og_type":"article","og_title":"Primera Comuni\u00f3n - Casa de banquetes","og_description":"Celebraci\u00f3n de Primera Comuni\u00f3n Cont\u00e1ctanos Eventos de Celebraci\u00f3n Somos consientes de la importancia en un evento de tal categor\u00eda en la que los jovencitos participan por primera vez en el Sacramento de la Eucarist\u00eda El objetivo en Casa de Banquetes L\u00f3pez es que los ni\u00f1os sean consientes que este evento es sin\u00f3nimo de alegr\u00eda reflejando &hellip; Primera Comuni\u00f3n Read More &raquo;","og_url":"https:\/\/casadebanqueteslopez.com\/en\/primera-comunion\/","og_site_name":"Casa de banquetes","article_modified_time":"2022-04-08T21:36:16+00:00","og_image":[{"url":"https:\/\/casadebanqueteslopez.com\/wp-content\/uploads\/2022\/03\/a4.png","type":"","width":"","height":""}],"twitter_card":"summary_large_image","twitter_misc":{"Est. reading time":"1 minute"},"schema":{"@context":"https:\/\/schema.org","@graph":[{"@type":"WebPage","@id":"https:\/\/casadebanqueteslopez.com\/primera-comunion\/","url":"https:\/\/casadebanqueteslopez.com\/primera-comunion\/","name":"Primera Comuni\u00f3n - Casa de banquetes","isPartOf":{"@id":"https:\/\/casadebanqueteslopez.com\/#website"},"primaryImageOfPage":{"@id":"https:\/\/casadebanqueteslopez.com\/primera-comunion\/#primaryimage"},"image":{"@id":"https:\/\/casadebanqueteslopez.com\/primera-comunion\/#primaryimage"},"thumbnailUrl":"https:\/\/casadebanqueteslopez.com\/wp-content\/uploads\/2022\/03\/a4.png","datePublished":"2022-02-24T20:49:53+00:00","dateModified":"2022-04-08T21:36:16+00:00","breadcrumb":{"@id":"https:\/\/casadebanqueteslopez.com\/primera-comunion\/#breadcrumb"},"inLanguage":"en-US","potentialAction":[{"@type":"ReadAction","target":["https:\/\/casadebanqueteslopez.com\/primera-comunion\/"]}]},{"@type":"ImageObject","inLanguage":"en-US","@id":"https:\/\/casadebanqueteslopez.com\/primera-comunion\/#primaryimage","url":"https:\/\/casadebanqueteslopez.com\/wp-content\/uploads\/2022\/03\/a4.png","contentUrl":"https:\/\/casadebanqueteslopez.com\/wp-content\/uploads\/2022\/03\/a4.png"},{"@type":"BreadcrumbList","@id":"https:\/\/casadebanqueteslopez.com\/primera-comunion\/#breadcrumb","itemListElement":[{"@type":"ListItem","position":1,"name":"Portada","item":"https:\/\/casadebanqueteslopez.com\/"},{"@type":"ListItem","position":2,"name":"Primera Comuni\u00f3n"}]},{"@type":"WebSite","@id":"https:\/\/casadebanqueteslopez.com\/#website","url":"https:\/\/casadebanqueteslopez.com\/","name":"Casa de banquetes","description":"Casa de banquetes en bogot\u00e1","potentialAction":[{"@type":"SearchAction","target":{"@type":"EntryPoint","urlTemplate":"https:\/\/casadebanqueteslopez.com\/?s={search_term_string}"},"query-input":{"@type":"PropertyValueSpecification","valueRequired":true,"valueName":"search_term_string"}}],"inLanguage":"en-US"}]}},"_links":{"self":[{"href":"https:\/\/casadebanqueteslopez.com\/en\/wp-json\/wp\/v2\/pages\/38","targetHints":{"allow":["GET"]}}],"collection":[{"href":"https:\/\/casadebanqueteslopez.com\/en\/wp-json\/wp\/v2\/pages"}],"about":[{"href":"https:\/\/casadebanqueteslopez.com\/en\/wp-json\/wp\/v2\/types\/page"}],"author":[{"embeddable":true,"href":"https:\/\/casadebanqueteslopez.com\/en\/wp-json\/wp\/v2\/users\/1"}],"replies":[{"embeddable":true,"href":"https:\/\/casadebanqueteslopez.com\/en\/wp-json\/wp\/v2\/comments?post=38"}],"version-history":[{"count":79,"href":"https:\/\/casadebanqueteslopez.com\/en\/wp-json\/wp\/v2\/pages\/38\/revisions"}],"predecessor-version":[{"id":2227,"href":"https:\/\/casadebanqueteslopez.com\/en\/wp-json\/wp\/v2\/pages\/38\/revisions\/2227"}],"wp:attachment":[{"href":"https:\/\/casadebanqueteslopez.com\/en\/wp-json\/wp\/v2\/media?parent=38"}],"curies":[{"name":"wp","href":"https:\/\/api.w.org\/{rel}","templated":true}]}}