{"id":2510,"date":"2022-11-22T18:48:24","date_gmt":"2022-11-22T18:48:24","guid":{"rendered":"https:\/\/casadebanqueteslopez.com\/?page_id=2510"},"modified":"2025-06-25T21:57:11","modified_gmt":"2025-06-25T21:57:11","slug":"alianzas-empresariales","status":"publish","type":"page","link":"https:\/\/casadebanqueteslopez.com\/en\/alianzas-empresariales\/","title":{"rendered":"Partnerships"},"content":{"rendered":"<div data-elementor-type=\"wp-page\" data-elementor-id=\"2510\" class=\"elementor elementor-2510\" data-elementor-post-type=\"page\">\n\t\t\t\t\t\t<section class=\"elementor-section elementor-top-section elementor-element elementor-element-a5c6107 elementor-section-height-min-height elementor-section-content-middle elementor-section-boxed elementor-section-height-default elementor-section-items-middle\" data-id=\"a5c6107\" data-element_type=\"section\" data-settings=\"{&quot;background_background&quot;:&quot;classic&quot;}\">\n\t\t\t\t\t\t\t<div class=\"elementor-background-overlay\"><\/div>\n\t\t\t\t\t\t\t<div class=\"elementor-container elementor-column-gap-default\">\n\t\t\t\t\t<div class=\"elementor-column elementor-col-100 elementor-top-column elementor-element elementor-element-738f253\" data-id=\"738f253\" data-element_type=\"column\">\n\t\t\t<div class=\"elementor-widget-wrap elementor-element-populated\">\n\t\t\t\t\t\t<div class=\"elementor-element elementor-element-fbef1e5 elementor-widget elementor-widget-heading\" data-id=\"fbef1e5\" data-element_type=\"widget\" data-widget_type=\"heading.default\">\n\t\t\t\t<div class=\"elementor-widget-container\">\n\t\t\t\t\t<h1 class=\"elementor-heading-title elementor-size-default\">Event Partnerships <\/h1>\t\t\t\t<\/div>\n\t\t\t\t<\/div>\n\t\t\t\t<div class=\"elementor-element elementor-element-9c22f42 elementor-widget elementor-widget-button\" data-id=\"9c22f42\" data-element_type=\"widget\" data-widget_type=\"button.default\">\n\t\t\t\t<div class=\"elementor-widget-container\">\n\t\t\t\t\t\t\t\t\t<div class=\"elementor-button-wrapper\">\n\t\t\t\t\t<a class=\"elementor-button elementor-button-link elementor-size-sm elementor-animation-grow\" href=\"http:\/\/wa.link\/fogchd\" target=\"_blank\">\n\t\t\t\t\t\t<span class=\"elementor-button-content-wrapper\">\n\t\t\t\t\t\t\t\t\t<span class=\"elementor-button-text\">Contac Us<\/span>\n\t\t\t\t\t<\/span>\n\t\t\t\t\t<\/a>\n\t\t\t\t<\/div>\n\t\t\t\t\t\t\t\t<\/div>\n\t\t\t\t<\/div>\n\t\t\t\t\t<\/div>\n\t\t<\/div>\n\t\t\t\t\t<\/div>\n\t\t<\/section>\n\t\t\t\t<section class=\"elementor-section elementor-top-section elementor-element elementor-element-pdw1or3 elementor-section-content-middle elementor-section-boxed elementor-section-height-default elementor-section-height-default\" data-id=\"pdw1or3\" data-element_type=\"section\" data-settings=\"{&quot;background_background&quot;:&quot;classic&quot;}\">\n\t\t\t\t\t\t\t<div class=\"elementor-background-overlay\"><\/div>\n\t\t\t\t\t\t\t<div class=\"elementor-container elementor-column-gap-no\">\n\t\t\t\t\t<div class=\"elementor-column elementor-col-50 elementor-top-column elementor-element elementor-element-47d11e6\" data-id=\"47d11e6\" data-element_type=\"column\">\n\t\t\t<div class=\"elementor-widget-wrap elementor-element-populated\">\n\t\t\t\t\t\t<div class=\"elementor-element elementor-element-51240be elementor-widget elementor-widget-image\" data-id=\"51240be\" data-element_type=\"widget\" data-widget_type=\"image.default\">\n\t\t\t\t<div class=\"elementor-widget-container\">\n\t\t\t\t\t\t\t\t\t\t\t\t\t\t\t<img fetchpriority=\"high\" decoding=\"async\" width=\"530\" height=\"530\" src=\"https:\/\/casadebanqueteslopez.com\/wp-content\/uploads\/2022\/11\/a139.png\" class=\"attachment-full size-full wp-image-2579\" alt=\"Alianzas Estrat\u00e9gicas\" srcset=\"https:\/\/casadebanqueteslopez.com\/wp-content\/uploads\/2022\/11\/a139.png 530w, https:\/\/casadebanqueteslopez.com\/wp-content\/uploads\/2022\/11\/a139-300x300.png 300w, https:\/\/casadebanqueteslopez.com\/wp-content\/uploads\/2022\/11\/a139-150x150.png 150w\" sizes=\"(max-width: 530px) 100vw, 530px\" \/>\t\t\t\t\t\t\t\t\t\t\t\t\t\t\t<\/div>\n\t\t\t\t<\/div>\n\t\t\t\t\t<\/div>\n\t\t<\/div>\n\t\t\t\t<div class=\"elementor-column elementor-col-50 elementor-top-column elementor-element elementor-element-e68dcfe\" data-id=\"e68dcfe\" data-element_type=\"column\">\n\t\t\t<div class=\"elementor-widget-wrap elementor-element-populated\">\n\t\t\t\t\t\t<div class=\"elementor-element elementor-element-a0ce042 elementor-widget elementor-widget-heading\" data-id=\"a0ce042\" data-element_type=\"widget\" data-widget_type=\"heading.default\">\n\t\t\t\t<div class=\"elementor-widget-container\">\n\t\t\t\t\t<h5 class=\"elementor-heading-title elementor-size-default\">Teamwork<\/h5>\t\t\t\t<\/div>\n\t\t\t\t<\/div>\n\t\t\t\t<div class=\"elementor-element elementor-element-ff0f137 elementor-widget elementor-widget-heading\" data-id=\"ff0f137\" data-element_type=\"widget\" data-widget_type=\"heading.default\">\n\t\t\t\t<div class=\"elementor-widget-container\">\n\t\t\t\t\t<h2 class=\"elementor-heading-title elementor-size-default\">Strategic Partnerships<\/h2>\t\t\t\t<\/div>\n\t\t\t\t<\/div>\n\t\t\t\t<div class=\"elementor-element elementor-element-72da1a5 elementor-widget elementor-widget-text-editor\" data-id=\"72da1a5\" data-element_type=\"widget\" data-widget_type=\"text-editor.default\">\n\t\t\t\t<div class=\"elementor-widget-container\">\n\t\t\t\t\t\t\t\t\t<p>Strategic partnerships are a key component of <br \/>business success, that's why, by partnering with other companies that complement your own services, you can offer a more complete solution to customer needs. When we work together, we can share resources and expertise to help ensure everyone involved succeeds.<\/p><p>We are a company dedicated to planning premium events, and our 15+ years of experience make us your honest, reliable strategic partner with quality services.<\/p>\t\t\t\t\t\t\t\t<\/div>\n\t\t\t\t<\/div>\n\t\t\t\t<div class=\"elementor-element elementor-element-2de3dbd elementor-align-center elementor-widget elementor-widget-button\" data-id=\"2de3dbd\" data-element_type=\"widget\" data-widget_type=\"button.default\">\n\t\t\t\t<div class=\"elementor-widget-container\">\n\t\t\t\t\t\t\t\t\t<div class=\"elementor-button-wrapper\">\n\t\t\t\t\t<a class=\"elementor-button elementor-button-link elementor-size-sm elementor-animation-grow\" href=\"tel:+573162424641\" target=\"_blank\">\n\t\t\t\t\t\t<span class=\"elementor-button-content-wrapper\">\n\t\t\t\t\t\t\t\t\t<span class=\"elementor-button-text\">Call Us<\/span>\n\t\t\t\t\t<\/span>\n\t\t\t\t\t<\/a>\n\t\t\t\t<\/div>\n\t\t\t\t\t\t\t\t<\/div>\n\t\t\t\t<\/div>\n\t\t\t\t\t<\/div>\n\t\t<\/div>\n\t\t\t\t\t<\/div>\n\t\t<\/section>\n\t\t\t\t<section class=\"elementor-section elementor-top-section elementor-element elementor-element-bp3kaia elementor-section-content-middle elementor-section-boxed elementor-section-height-default elementor-section-height-default\" data-id=\"bp3kaia\" data-element_type=\"section\" data-settings=\"{&quot;background_background&quot;:&quot;classic&quot;}\">\n\t\t\t\t\t\t<div class=\"elementor-container elementor-column-gap-no\">\n\t\t\t\t\t<div class=\"elementor-column elementor-col-50 elementor-top-column elementor-element elementor-element-4d7ad86\" data-id=\"4d7ad86\" data-element_type=\"column\">\n\t\t\t<div class=\"elementor-widget-wrap elementor-element-populated\">\n\t\t\t\t\t\t<div class=\"elementor-element elementor-element-e179727 elementor-widget elementor-widget-text-editor\" data-id=\"e179727\" data-element_type=\"widget\" data-widget_type=\"text-editor.default\">\n\t\t\t\t<div class=\"elementor-widget-container\">\n\t\t\t\t\t\t\t\t\t<p><strong>Consider me as <\/strong><strong>your strategic partner\u2014I have the experience and knowledge you need <\/strong><strong>to effectively execute major projects.<\/strong> <strong>Additionally, I have the ethical transparency to help you retain 100% of your clients while ensuring they are satisfied with the results.<\/strong><\/p>\t\t\t\t\t\t\t\t<\/div>\n\t\t\t\t<\/div>\n\t\t\t\t<div class=\"elementor-element elementor-element-ebb216e elementor-widget elementor-widget-heading\" data-id=\"ebb216e\" data-element_type=\"widget\" data-widget_type=\"heading.default\">\n\t\t\t\t<div class=\"elementor-widget-container\">\n\t\t\t\t\t<h5 class=\"elementor-heading-title elementor-size-default\">The values and qualities that define us<\/h5>\t\t\t\t<\/div>\n\t\t\t\t<\/div>\n\t\t\t\t<section class=\"elementor-section elementor-inner-section elementor-element elementor-element-c99dd70 elementor-section-boxed elementor-section-height-default elementor-section-height-default\" data-id=\"c99dd70\" data-element_type=\"section\">\n\t\t\t\t\t\t<div class=\"elementor-container elementor-column-gap-no\">\n\t\t\t\t\t<div class=\"elementor-column elementor-col-50 elementor-inner-column elementor-element elementor-element-5fa87a6\" data-id=\"5fa87a6\" data-element_type=\"column\">\n\t\t\t<div class=\"elementor-widget-wrap elementor-element-populated\">\n\t\t\t\t\t\t<div class=\"elementor-element elementor-element-7047d01 elementor-icon-list--layout-traditional elementor-list-item-link-full_width elementor-widget elementor-widget-icon-list\" data-id=\"7047d01\" data-element_type=\"widget\" data-widget_type=\"icon-list.default\">\n\t\t\t\t<div class=\"elementor-widget-container\">\n\t\t\t\t\t\t\t<ul class=\"elementor-icon-list-items\">\n\t\t\t\t\t\t\t<li class=\"elementor-icon-list-item\">\n\t\t\t\t\t\t\t\t\t\t\t<span class=\"elementor-icon-list-icon\">\n\t\t\t\t\t\t\t<i aria-hidden=\"true\" class=\"fas fa-caret-right\"><\/i>\t\t\t\t\t\t<\/span>\n\t\t\t\t\t\t\t\t\t\t<span class=\"elementor-icon-list-text\">Trust<\/span>\n\t\t\t\t\t\t\t\t\t<\/li>\n\t\t\t\t\t\t\t\t<li class=\"elementor-icon-list-item\">\n\t\t\t\t\t\t\t\t\t\t\t<span class=\"elementor-icon-list-icon\">\n\t\t\t\t\t\t\t<i aria-hidden=\"true\" class=\"fas fa-caret-right\"><\/i>\t\t\t\t\t\t<\/span>\n\t\t\t\t\t\t\t\t\t\t<span class=\"elementor-icon-list-text\">Experience<\/span>\n\t\t\t\t\t\t\t\t\t<\/li>\n\t\t\t\t\t\t\t\t<li class=\"elementor-icon-list-item\">\n\t\t\t\t\t\t\t\t\t\t\t<span class=\"elementor-icon-list-icon\">\n\t\t\t\t\t\t\t<i aria-hidden=\"true\" class=\"fas fa-caret-right\"><\/i>\t\t\t\t\t\t<\/span>\n\t\t\t\t\t\t\t\t\t\t<span class=\"elementor-icon-list-text\">Responsibility<\/span>\n\t\t\t\t\t\t\t\t\t<\/li>\n\t\t\t\t\t\t<\/ul>\n\t\t\t\t\t\t<\/div>\n\t\t\t\t<\/div>\n\t\t\t\t\t<\/div>\n\t\t<\/div>\n\t\t\t\t<div class=\"elementor-column elementor-col-50 elementor-inner-column elementor-element elementor-element-a53f58d\" data-id=\"a53f58d\" data-element_type=\"column\">\n\t\t\t<div class=\"elementor-widget-wrap elementor-element-populated\">\n\t\t\t\t\t\t<div class=\"elementor-element elementor-element-b617344 elementor-icon-list--layout-traditional elementor-list-item-link-full_width elementor-widget elementor-widget-icon-list\" data-id=\"b617344\" data-element_type=\"widget\" data-widget_type=\"icon-list.default\">\n\t\t\t\t<div class=\"elementor-widget-container\">\n\t\t\t\t\t\t\t<ul class=\"elementor-icon-list-items\">\n\t\t\t\t\t\t\t<li class=\"elementor-icon-list-item\">\n\t\t\t\t\t\t\t\t\t\t\t<span class=\"elementor-icon-list-icon\">\n\t\t\t\t\t\t\t<i aria-hidden=\"true\" class=\"fas fa-caret-right\"><\/i>\t\t\t\t\t\t<\/span>\n\t\t\t\t\t\t\t\t\t\t<span class=\"elementor-icon-list-text\">Dynamism<\/span>\n\t\t\t\t\t\t\t\t\t<\/li>\n\t\t\t\t\t\t\t\t<li class=\"elementor-icon-list-item\">\n\t\t\t\t\t\t\t\t\t\t\t<span class=\"elementor-icon-list-icon\">\n\t\t\t\t\t\t\t<i aria-hidden=\"true\" class=\"fas fa-caret-right\"><\/i>\t\t\t\t\t\t<\/span>\n\t\t\t\t\t\t\t\t\t\t<span class=\"elementor-icon-list-text\">Innovation<\/span>\n\t\t\t\t\t\t\t\t\t<\/li>\n\t\t\t\t\t\t\t\t<li class=\"elementor-icon-list-item\">\n\t\t\t\t\t\t\t\t\t\t\t<span class=\"elementor-icon-list-icon\">\n\t\t\t\t\t\t\t<i aria-hidden=\"true\" class=\"fas fa-caret-right\"><\/i>\t\t\t\t\t\t<\/span>\n\t\t\t\t\t\t\t\t\t\t<span class=\"elementor-icon-list-text\">Transparency<\/span>\n\t\t\t\t\t\t\t\t\t<\/li>\n\t\t\t\t\t\t<\/ul>\n\t\t\t\t\t\t<\/div>\n\t\t\t\t<\/div>\n\t\t\t\t\t<\/div>\n\t\t<\/div>\n\t\t\t\t\t<\/div>\n\t\t<\/section>\n\t\t\t\t<div class=\"elementor-element elementor-element-4a70e77 elementor-align-center elementor-widget elementor-widget-button\" data-id=\"4a70e77\" data-element_type=\"widget\" data-widget_type=\"button.default\">\n\t\t\t\t<div class=\"elementor-widget-container\">\n\t\t\t\t\t\t\t\t\t<div class=\"elementor-button-wrapper\">\n\t\t\t\t\t<a class=\"elementor-button elementor-button-link elementor-size-sm elementor-animation-grow\" href=\"tel:+573162424641\" target=\"_blank\">\n\t\t\t\t\t\t<span class=\"elementor-button-content-wrapper\">\n\t\t\t\t\t\t\t\t\t<span class=\"elementor-button-text\">Call Us<\/span>\n\t\t\t\t\t<\/span>\n\t\t\t\t\t<\/a>\n\t\t\t\t<\/div>\n\t\t\t\t\t\t\t\t<\/div>\n\t\t\t\t<\/div>\n\t\t\t\t\t<\/div>\n\t\t<\/div>\n\t\t\t\t<div class=\"elementor-column elementor-col-50 elementor-top-column elementor-element elementor-element-03a6bc5\" data-id=\"03a6bc5\" data-element_type=\"column\">\n\t\t\t<div class=\"elementor-widget-wrap elementor-element-populated\">\n\t\t\t\t\t\t<div class=\"elementor-element elementor-element-02ae585 elementor-widget elementor-widget-image\" data-id=\"02ae585\" data-element_type=\"widget\" data-widget_type=\"image.default\">\n\t\t\t\t<div class=\"elementor-widget-container\">\n\t\t\t\t\t\t\t\t\t\t\t\t\t\t\t<img decoding=\"async\" width=\"400\" height=\"500\" src=\"https:\/\/casadebanqueteslopez.com\/wp-content\/uploads\/2022\/11\/a140.png\" class=\"attachment-full size-full wp-image-2580\" alt=\"Alianzas Estrat\u00e9gicas\" srcset=\"https:\/\/casadebanqueteslopez.com\/wp-content\/uploads\/2022\/11\/a140.png 400w, https:\/\/casadebanqueteslopez.com\/wp-content\/uploads\/2022\/11\/a140-240x300.png 240w\" sizes=\"(max-width: 400px) 100vw, 400px\" \/>\t\t\t\t\t\t\t\t\t\t\t\t\t\t\t<\/div>\n\t\t\t\t<\/div>\n\t\t\t\t\t<\/div>\n\t\t<\/div>\n\t\t\t\t\t<\/div>\n\t\t<\/section>\n\t\t\t\t<section class=\"elementor-section elementor-top-section elementor-element elementor-element-2d5547a elementor-section-boxed elementor-section-height-default elementor-section-height-default\" data-id=\"2d5547a\" data-element_type=\"section\">\n\t\t\t\t\t\t<div class=\"elementor-container elementor-column-gap-default\">\n\t\t\t\t\t<div class=\"elementor-column elementor-col-50 elementor-top-column elementor-element elementor-element-8034ea8\" data-id=\"8034ea8\" data-element_type=\"column\">\n\t\t\t<div class=\"elementor-widget-wrap elementor-element-populated\">\n\t\t\t\t\t\t<div class=\"elementor-element elementor-element-8ddc4bf elementor-widget elementor-widget-text-editor\" data-id=\"8ddc4bf\" data-element_type=\"widget\" data-widget_type=\"text-editor.default\">\n\t\t\t\t<div class=\"elementor-widget-container\">\n\t\t\t\t\t\t\t\t\t<h2><strong>BTL Agencies\u00a0<\/strong>\u00a0<\/h2><p>If you're a BTL agency, we have <a href=\"https:\/\/casadebanqueteslopez.com\/en\/brunchycathering\/\">catering plans,<\/a>service, tableware, and much more.\u00a0<\/p><p>We understand that you're constantly organizing large and medium-scale events. Allow us to be your strategic partner. Our food, flavors, and presentation will help your company stand out and generate a favorable impression with your clients.\u00a0<\/p><p>Let's become strategic partners and grow together. We have been partners with BTL agencies for over 15 years, working together to provide services and create satisfying, unforgettable experiences for our clients.\u00a0<span style=\"font-style: inherit; font-weight: inherit;\">\u00a0<\/span><\/p>\t\t\t\t\t\t\t\t<\/div>\n\t\t\t\t<\/div>\n\t\t\t\t<div class=\"elementor-element elementor-element-754e212 elementor-align-center elementor-widget elementor-widget-button\" data-id=\"754e212\" data-element_type=\"widget\" data-widget_type=\"button.default\">\n\t\t\t\t<div class=\"elementor-widget-container\">\n\t\t\t\t\t\t\t\t\t<div class=\"elementor-button-wrapper\">\n\t\t\t\t\t<a class=\"elementor-button elementor-button-link elementor-size-sm\" href=\"http:\/\/wa.link\/pv0kpv\">\n\t\t\t\t\t\t<span class=\"elementor-button-content-wrapper\">\n\t\t\t\t\t\t\t\t\t<span class=\"elementor-button-text\">Contac Us <\/span>\n\t\t\t\t\t<\/span>\n\t\t\t\t\t<\/a>\n\t\t\t\t<\/div>\n\t\t\t\t\t\t\t\t<\/div>\n\t\t\t\t<\/div>\n\t\t\t\t\t<\/div>\n\t\t<\/div>\n\t\t\t\t<div class=\"elementor-column elementor-col-50 elementor-top-column elementor-element elementor-element-09bbf54\" data-id=\"09bbf54\" data-element_type=\"column\">\n\t\t\t<div class=\"elementor-widget-wrap elementor-element-populated\">\n\t\t\t\t\t\t<div class=\"elementor-element elementor-element-21c6777 elementor-widget elementor-widget-image\" data-id=\"21c6777\" data-element_type=\"widget\" data-widget_type=\"image.default\">\n\t\t\t\t<div class=\"elementor-widget-container\">\n\t\t\t\t\t\t\t\t\t\t\t\t\t\t\t<img decoding=\"async\" width=\"347\" height=\"383\" src=\"https:\/\/casadebanqueteslopez.com\/wp-content\/uploads\/2022\/11\/a128.jpeg\" class=\"attachment-large size-large wp-image-2368\" alt=\"Eventos empresariales en Bogot\u00e1\" srcset=\"https:\/\/casadebanqueteslopez.com\/wp-content\/uploads\/2022\/11\/a128.jpeg 347w, https:\/\/casadebanqueteslopez.com\/wp-content\/uploads\/2022\/11\/a128-272x300.jpeg 272w\" sizes=\"(max-width: 347px) 100vw, 347px\" \/>\t\t\t\t\t\t\t\t\t\t\t\t\t\t\t<\/div>\n\t\t\t\t<\/div>\n\t\t\t\t\t<\/div>\n\t\t<\/div>\n\t\t\t\t\t<\/div>\n\t\t<\/section>\n\t\t\t\t<\/div>","protected":false},"excerpt":{"rendered":"<p>Alianzas para Eventos Cont\u00e1ctanos Trabajo en Equipo Alianzas Estrat\u00e9gicas Las alianzas estrat\u00e9gicas son un componente clave del \u00e9xito en los negocios, es por esto que, al asociarse con otras empresas que complementan sus propios servicios, se puede ofrecer una soluci\u00f3n m\u00e1s completa a las necesidades de los clientes. Si trabajamos juntos, se pueden compartir recursos &hellip;<\/p>\n<p class=\"read-more\"> <a class=\"\" href=\"https:\/\/casadebanqueteslopez.com\/en\/alianzas-empresariales\/\"> <span class=\"screen-reader-text\">Partnerships<\/span> Read More &raquo;<\/a><\/p>","protected":false},"author":1,"featured_media":0,"parent":0,"menu_order":0,"comment_status":"closed","ping_status":"closed","template":"","meta":{"site-sidebar-layout":"no-sidebar","site-content-layout":"page-builder","ast-main-header-display":"","ast-hfb-above-header-display":"","ast-hfb-below-header-display":"","ast-hfb-mobile-header-display":"","site-post-title":"disabled","ast-breadcrumbs-content":"","ast-featured-img":"disabled","footer-sml-layout":"","theme-transparent-header-meta":"","adv-header-id-meta":"","stick-header-meta":"","header-above-stick-meta":"","header-main-stick-meta":"","header-below-stick-meta":"","_joinchat":[],"footnotes":""},"class_list":["post-2510","page","type-page","status-publish","hentry"],"yoast_head":"<!-- This site is optimized with the Yoast SEO plugin v25.4 - https:\/\/yoast.com\/wordpress\/plugins\/seo\/ -->\n<title>Alianzas - Casa de banquetes<\/title>\n<meta name=\"robots\" content=\"index, follow, max-snippet:-1, max-image-preview:large, max-video-preview:-1\" \/>\n<link rel=\"canonical\" href=\"https:\/\/casadebanqueteslopez.com\/en\/alianzas-empresariales\/\" \/>\n<meta property=\"og:locale\" content=\"en_US\" \/>\n<meta property=\"og:type\" content=\"article\" \/>\n<meta property=\"og:title\" content=\"Alianzas - Casa de banquetes\" \/>\n<meta property=\"og:description\" content=\"Alianzas para Eventos Cont\u00e1ctanos Trabajo en Equipo Alianzas Estrat\u00e9gicas Las alianzas estrat\u00e9gicas son un componente clave del \u00e9xito en los negocios, es por esto que, al asociarse con otras empresas que complementan sus propios servicios, se puede ofrecer una soluci\u00f3n m\u00e1s completa a las necesidades de los clientes. Si trabajamos juntos, se pueden compartir recursos &hellip; Alianzas Read More &raquo;\" \/>\n<meta property=\"og:url\" content=\"https:\/\/casadebanqueteslopez.com\/en\/alianzas-empresariales\/\" \/>\n<meta property=\"og:site_name\" content=\"Casa de banquetes\" \/>\n<meta property=\"article:modified_time\" content=\"2025-06-25T21:57:11+00:00\" \/>\n<meta property=\"og:image\" content=\"https:\/\/casadebanqueteslopez.com\/wp-content\/uploads\/2022\/11\/a139.png\" \/>\n<meta name=\"twitter:card\" content=\"summary_large_image\" \/>\n<meta name=\"twitter:label1\" content=\"Est. reading time\" \/>\n\t<meta name=\"twitter:data1\" content=\"2 minutes\" \/>\n<script type=\"application\/ld+json\" class=\"yoast-schema-graph\">{\"@context\":\"https:\/\/schema.org\",\"@graph\":[{\"@type\":\"WebPage\",\"@id\":\"https:\/\/casadebanqueteslopez.com\/alianzas-empresariales\/\",\"url\":\"https:\/\/casadebanqueteslopez.com\/alianzas-empresariales\/\",\"name\":\"Alianzas - Casa de banquetes\",\"isPartOf\":{\"@id\":\"https:\/\/casadebanqueteslopez.com\/#website\"},\"primaryImageOfPage\":{\"@id\":\"https:\/\/casadebanqueteslopez.com\/alianzas-empresariales\/#primaryimage\"},\"image\":{\"@id\":\"https:\/\/casadebanqueteslopez.com\/alianzas-empresariales\/#primaryimage\"},\"thumbnailUrl\":\"https:\/\/casadebanqueteslopez.com\/wp-content\/uploads\/2022\/11\/a139.png\",\"datePublished\":\"2022-11-22T18:48:24+00:00\",\"dateModified\":\"2025-06-25T21:57:11+00:00\",\"breadcrumb\":{\"@id\":\"https:\/\/casadebanqueteslopez.com\/alianzas-empresariales\/#breadcrumb\"},\"inLanguage\":\"en-US\",\"potentialAction\":[{\"@type\":\"ReadAction\",\"target\":[\"https:\/\/casadebanqueteslopez.com\/alianzas-empresariales\/\"]}]},{\"@type\":\"ImageObject\",\"inLanguage\":\"en-US\",\"@id\":\"https:\/\/casadebanqueteslopez.com\/alianzas-empresariales\/#primaryimage\",\"url\":\"https:\/\/casadebanqueteslopez.com\/wp-content\/uploads\/2022\/11\/a139.png\",\"contentUrl\":\"https:\/\/casadebanqueteslopez.com\/wp-content\/uploads\/2022\/11\/a139.png\"},{\"@type\":\"BreadcrumbList\",\"@id\":\"https:\/\/casadebanqueteslopez.com\/alianzas-empresariales\/#breadcrumb\",\"itemListElement\":[{\"@type\":\"ListItem\",\"position\":1,\"name\":\"Portada\",\"item\":\"https:\/\/casadebanqueteslopez.com\/\"},{\"@type\":\"ListItem\",\"position\":2,\"name\":\"Alianzas\"}]},{\"@type\":\"WebSite\",\"@id\":\"https:\/\/casadebanqueteslopez.com\/#website\",\"url\":\"https:\/\/casadebanqueteslopez.com\/\",\"name\":\"Casa de banquetes\",\"description\":\"Casa de banquetes en bogot\u00e1\",\"potentialAction\":[{\"@type\":\"SearchAction\",\"target\":{\"@type\":\"EntryPoint\",\"urlTemplate\":\"https:\/\/casadebanqueteslopez.com\/?s={search_term_string}\"},\"query-input\":{\"@type\":\"PropertyValueSpecification\",\"valueRequired\":true,\"valueName\":\"search_term_string\"}}],\"inLanguage\":\"en-US\"}]}<\/script>\n<!-- \/ Yoast SEO plugin. -->","yoast_head_json":{"title":"Alianzas - Casa de banquetes","robots":{"index":"index","follow":"follow","max-snippet":"max-snippet:-1","max-image-preview":"max-image-preview:large","max-video-preview":"max-video-preview:-1"},"canonical":"https:\/\/casadebanqueteslopez.com\/en\/alianzas-empresariales\/","og_locale":"en_US","og_type":"article","og_title":"Alianzas - Casa de banquetes","og_description":"Alianzas para Eventos Cont\u00e1ctanos Trabajo en Equipo Alianzas Estrat\u00e9gicas Las alianzas estrat\u00e9gicas son un componente clave del \u00e9xito en los negocios, es por esto que, al asociarse con otras empresas que complementan sus propios servicios, se puede ofrecer una soluci\u00f3n m\u00e1s completa a las necesidades de los clientes. Si trabajamos juntos, se pueden compartir recursos &hellip; Alianzas Read More &raquo;","og_url":"https:\/\/casadebanqueteslopez.com\/en\/alianzas-empresariales\/","og_site_name":"Casa de banquetes","article_modified_time":"2025-06-25T21:57:11+00:00","og_image":[{"url":"https:\/\/casadebanqueteslopez.com\/wp-content\/uploads\/2022\/11\/a139.png","type":"","width":"","height":""}],"twitter_card":"summary_large_image","twitter_misc":{"Est. reading time":"2 minutes"},"schema":{"@context":"https:\/\/schema.org","@graph":[{"@type":"WebPage","@id":"https:\/\/casadebanqueteslopez.com\/alianzas-empresariales\/","url":"https:\/\/casadebanqueteslopez.com\/alianzas-empresariales\/","name":"Alianzas - Casa de banquetes","isPartOf":{"@id":"https:\/\/casadebanqueteslopez.com\/#website"},"primaryImageOfPage":{"@id":"https:\/\/casadebanqueteslopez.com\/alianzas-empresariales\/#primaryimage"},"image":{"@id":"https:\/\/casadebanqueteslopez.com\/alianzas-empresariales\/#primaryimage"},"thumbnailUrl":"https:\/\/casadebanqueteslopez.com\/wp-content\/uploads\/2022\/11\/a139.png","datePublished":"2022-11-22T18:48:24+00:00","dateModified":"2025-06-25T21:57:11+00:00","breadcrumb":{"@id":"https:\/\/casadebanqueteslopez.com\/alianzas-empresariales\/#breadcrumb"},"inLanguage":"en-US","potentialAction":[{"@type":"ReadAction","target":["https:\/\/casadebanqueteslopez.com\/alianzas-empresariales\/"]}]},{"@type":"ImageObject","inLanguage":"en-US","@id":"https:\/\/casadebanqueteslopez.com\/alianzas-empresariales\/#primaryimage","url":"https:\/\/casadebanqueteslopez.com\/wp-content\/uploads\/2022\/11\/a139.png","contentUrl":"https:\/\/casadebanqueteslopez.com\/wp-content\/uploads\/2022\/11\/a139.png"},{"@type":"BreadcrumbList","@id":"https:\/\/casadebanqueteslopez.com\/alianzas-empresariales\/#breadcrumb","itemListElement":[{"@type":"ListItem","position":1,"name":"Portada","item":"https:\/\/casadebanqueteslopez.com\/"},{"@type":"ListItem","position":2,"name":"Alianzas"}]},{"@type":"WebSite","@id":"https:\/\/casadebanqueteslopez.com\/#website","url":"https:\/\/casadebanqueteslopez.com\/","name":"Casa de banquetes","description":"Casa de banquetes en bogot\u00e1","potentialAction":[{"@type":"SearchAction","target":{"@type":"EntryPoint","urlTemplate":"https:\/\/casadebanqueteslopez.com\/?s={search_term_string}"},"query-input":{"@type":"PropertyValueSpecification","valueRequired":true,"valueName":"search_term_string"}}],"inLanguage":"en-US"}]}},"_links":{"self":[{"href":"https:\/\/casadebanqueteslopez.com\/en\/wp-json\/wp\/v2\/pages\/2510","targetHints":{"allow":["GET"]}}],"collection":[{"href":"https:\/\/casadebanqueteslopez.com\/en\/wp-json\/wp\/v2\/pages"}],"about":[{"href":"https:\/\/casadebanqueteslopez.com\/en\/wp-json\/wp\/v2\/types\/page"}],"author":[{"embeddable":true,"href":"https:\/\/casadebanqueteslopez.com\/en\/wp-json\/wp\/v2\/users\/1"}],"replies":[{"embeddable":true,"href":"https:\/\/casadebanqueteslopez.com\/en\/wp-json\/wp\/v2\/comments?post=2510"}],"version-history":[{"count":93,"href":"https:\/\/casadebanqueteslopez.com\/en\/wp-json\/wp\/v2\/pages\/2510\/revisions"}],"predecessor-version":[{"id":5114,"href":"https:\/\/casadebanqueteslopez.com\/en\/wp-json\/wp\/v2\/pages\/2510\/revisions\/5114"}],"wp:attachment":[{"href":"https:\/\/casadebanqueteslopez.com\/en\/wp-json\/wp\/v2\/media?parent=2510"}],"curies":[{"name":"wp","href":"https:\/\/api.w.org\/{rel}","templated":true}]}}